{"id":1147,"date":"2024-11-26T17:32:32","date_gmt":"2024-11-26T17:32:32","guid":{"rendered":"https:\/\/combro.pt\/?page_id=1147"},"modified":"2025-04-24T11:56:29","modified_gmt":"2025-04-24T11:56:29","slug":"a-vinha","status":"publish","type":"page","link":"https:\/\/combro.pt\/en\/a-vinha\/","title":{"rendered":"Vineyard"},"content":{"rendered":"<div data-elementor-type=\"wp-page\" data-elementor-id=\"1147\" class=\"elementor elementor-1147\" data-elementor-post-type=\"page\">\n\t\t\t\t<div class=\"elementor-element elementor-element-073423b e-con-full e-flex e-con e-parent\" data-id=\"073423b\" data-element_type=\"container\" data-settings=\"{&quot;background_background&quot;:&quot;classic&quot;,&quot;jet_parallax_layout_list&quot;:[]}\">\n\t\t\t\t<\/div>\n\t\t<div class=\"elementor-element elementor-element-416184f e-flex e-con-boxed e-con e-parent\" data-id=\"416184f\" data-element_type=\"container\" data-settings=\"{&quot;background_background&quot;:&quot;classic&quot;,&quot;jet_parallax_layout_list&quot;:[]}\">\n\t\t\t\t\t<div class=\"e-con-inner\">\n\t\t\t\t<div class=\"elementor-element elementor-element-3475771 elementor-invisible elementor-widget elementor-widget-heading\" data-id=\"3475771\" data-element_type=\"widget\" data-settings=\"{&quot;_animation&quot;:&quot;fadeInUp&quot;}\" data-widget_type=\"heading.default\">\n\t\t\t\t<div class=\"elementor-widget-container\">\n\t\t\t\t\t<h1 class=\"elementor-heading-title elementor-size-default\">THE VINEYARD<\/h1>\t\t\t\t<\/div>\n\t\t\t\t<\/div>\n\t\t\t\t<div class=\"elementor-element elementor-element-6291d88 elementor-invisible elementor-widget elementor-widget-text-editor\" data-id=\"6291d88\" data-element_type=\"widget\" data-settings=\"{&quot;_animation&quot;:&quot;fadeInUp&quot;}\" data-widget_type=\"text-editor.default\">\n\t\t\t\t<div class=\"elementor-widget-container\">\n\t\t\t\t\t\t\t\t\t<p>The old vines in Vilarinho de Cotas are marked by their age (50 to 70 years), which is explained by the difficulty and cost of replanting the rubble.<\/p>\n<p>Old vines are vines planted on narrow terraces, here called \u201ccombros\u201d, supported by walls of schist stone.<\/p>\n<p>Their production is limited, due to the fact that there are small amounts of sap circulating, though they produce very refined wines. Their diversity contributes to their aromatic and flavorsome richness.<\/p>\n<p>However, as we know, small productions are the best guarantee of high quality. All production is carried out organically, meaning that no herbicides are used (weed control is done mechanically) and the minimal fertilization used is biological and not chemical.<\/p>\t\t\t\t\t\t\t\t<\/div>\n\t\t\t\t<\/div>\n\t\t\t\t\t<\/div>\n\t\t\t\t<\/div>\n\t\t<div class=\"elementor-element elementor-element-2127d17 e-flex e-con-boxed e-con e-parent\" data-id=\"2127d17\" data-element_type=\"container\" data-settings=\"{&quot;background_background&quot;:&quot;classic&quot;,&quot;animation&quot;:&quot;none&quot;,&quot;jet_parallax_layout_list&quot;:[]}\">\n\t\t\t\t\t<div class=\"e-con-inner\">\n\t\t\t\t<div class=\"elementor-element elementor-element-1146fd2 elementor-widget__width-initial elementor-arrows-position-inside elementor-widget elementor-widget-image-carousel\" data-id=\"1146fd2\" data-element_type=\"widget\" data-settings=\"{&quot;slides_to_show&quot;:&quot;1&quot;,&quot;navigation&quot;:&quot;arrows&quot;,&quot;autoplay&quot;:&quot;yes&quot;,&quot;pause_on_hover&quot;:&quot;yes&quot;,&quot;pause_on_interaction&quot;:&quot;yes&quot;,&quot;autoplay_speed&quot;:5000,&quot;infinite&quot;:&quot;yes&quot;,&quot;effect&quot;:&quot;slide&quot;,&quot;speed&quot;:500}\" data-widget_type=\"image-carousel.default\">\n\t\t\t\t<div class=\"elementor-widget-container\">\n\t\t\t\t\t\t\t<div class=\"elementor-image-carousel-wrapper swiper\" role=\"region\" aria-roledescription=\"carousel\" aria-label=\"Merry-go-round image\" dir=\"ltr\">\n\t\t\t<div class=\"elementor-image-carousel swiper-wrapper swiper-image-stretch\" aria-live=\"off\">\n\t\t\t\t\t\t\t\t<div class=\"swiper-slide\" role=\"group\" aria-roledescription=\"slide\" aria-label=\"1 of 6\"><figure class=\"swiper-slide-inner\"><img decoding=\"async\" class=\"swiper-slide-image\" src=\"https:\/\/combro.pt\/wp-content\/uploads\/2024\/11\/Combro_AVinha_Gallery_06.jpg\" alt=\"Combro_AVinha_Gallery_06\" \/><\/figure><\/div><div class=\"swiper-slide\" role=\"group\" aria-roledescription=\"slide\" aria-label=\"2 of 6\"><figure class=\"swiper-slide-inner\"><img decoding=\"async\" class=\"swiper-slide-image\" src=\"https:\/\/combro.pt\/wp-content\/uploads\/2024\/11\/Combro_AVinha_Gallery_01.jpg\" alt=\"Combro_AVinha_Gallery_01\" \/><\/figure><\/div><div class=\"swiper-slide\" role=\"group\" aria-roledescription=\"slide\" aria-label=\"3 of 6\"><figure class=\"swiper-slide-inner\"><img decoding=\"async\" class=\"swiper-slide-image\" src=\"https:\/\/combro.pt\/wp-content\/uploads\/2024\/11\/Combro_AVinha_Gallery_05.jpg\" alt=\"Combro_AVinha_Gallery_05\" \/><\/figure><\/div><div class=\"swiper-slide\" role=\"group\" aria-roledescription=\"slide\" aria-label=\"4 of 6\"><figure class=\"swiper-slide-inner\"><img decoding=\"async\" class=\"swiper-slide-image\" src=\"https:\/\/combro.pt\/wp-content\/uploads\/2024\/11\/Combro_AVinha_Gallery_08.jpg\" alt=\"Combro_AVinha_Gallery_08\" \/><\/figure><\/div><div class=\"swiper-slide\" role=\"group\" aria-roledescription=\"slide\" aria-label=\"5 of 6\"><figure class=\"swiper-slide-inner\"><img decoding=\"async\" class=\"swiper-slide-image\" src=\"https:\/\/combro.pt\/wp-content\/uploads\/2025\/04\/Vinha-4-e1745495677292-1536x912.jpg\" alt=\"Vinha 4\" \/><\/figure><\/div><div class=\"swiper-slide\" role=\"group\" aria-roledescription=\"slide\" aria-label=\"6 of 6\"><figure class=\"swiper-slide-inner\"><img decoding=\"async\" class=\"swiper-slide-image\" src=\"https:\/\/combro.pt\/wp-content\/uploads\/2025\/04\/Vinha-6-e1745495694406-1536x858.jpg\" alt=\"Vinha 6\" \/><\/figure><\/div>\t\t\t<\/div>\n\t\t\t\t\t\t\t\t\t\t\t\t<div class=\"elementor-swiper-button elementor-swiper-button-prev\" role=\"button\" tabindex=\"0\">\n\t\t\t\t\t\t<svg xmlns=\"http:\/\/www.w3.org\/2000\/svg\" id=\"Layer_2\" data-name=\"Layer 2\" viewbox=\"0 0 57.6 13.2\"><defs><style>      .cls-1 {        fill: none;        stroke: #163644;        stroke-linecap: round;        stroke-linejoin: round;        stroke-width: 1.6px;      }    <\/style><\/defs><g id=\"Layer_3\" data-name=\"Layer 3\"><path id=\"Icon_akar-arrow-down\" data-name=\"Icon akar-arrow-down\" class=\"cls-1\" d=\"M.8,6.6H56.8M7.05,.8L.8,6.6l6.25,5.8\"><\/path><\/g><\/svg>\t\t\t\t\t<\/div>\n\t\t\t\t\t<div class=\"elementor-swiper-button elementor-swiper-button-next\" role=\"button\" tabindex=\"0\">\n\t\t\t\t\t\t<svg xmlns=\"http:\/\/www.w3.org\/2000\/svg\" id=\"Layer_2\" data-name=\"Layer 2\" viewbox=\"0 0 57.6 13.2\"><defs><style>      .cls-1 {        fill: none;        stroke: #163644;        stroke-linecap: round;        stroke-linejoin: round;        stroke-width: 1.6px;      }    <\/style><\/defs><g id=\"Layer_3\" data-name=\"Layer 3\"><path id=\"Icon_akar-arrow-down\" data-name=\"Icon akar-arrow-down\" class=\"cls-1\" d=\"M56.8,6.6H.8m49.75,5.8l6.25-5.8L50.55,.8\"><\/path><\/g><\/svg>\t\t\t\t\t<\/div>\n\t\t\t\t\n\t\t\t\t\t\t\t\t\t<\/div>\n\t\t\t\t\t\t<\/div>\n\t\t\t\t<\/div>\n\t\t\t\t\t<\/div>\n\t\t\t\t<\/div>\n\t\t<div class=\"elementor-element elementor-element-0893242 e-flex e-con-boxed e-con e-parent\" data-id=\"0893242\" data-element_type=\"container\" data-settings=\"{&quot;background_background&quot;:&quot;classic&quot;,&quot;jet_parallax_layout_list&quot;:[]}\">\n\t\t\t\t\t<div class=\"e-con-inner\">\n\t\t<div class=\"elementor-element elementor-element-1ba2aab e-con-full e-flex elementor-invisible e-con e-child\" data-id=\"1ba2aab\" data-element_type=\"container\" data-settings=\"{&quot;background_background&quot;:&quot;classic&quot;,&quot;animation_tablet&quot;:&quot;fadeInLeft&quot;,&quot;animation&quot;:&quot;fadeInLeft&quot;,&quot;jet_parallax_layout_list&quot;:[]}\">\n\t\t\t\t<div class=\"elementor-element elementor-element-4705c46c elementor-widget elementor-widget-heading\" data-id=\"4705c46c\" data-element_type=\"widget\" data-widget_type=\"heading.default\">\n\t\t\t\t<div class=\"elementor-widget-container\">\n\t\t\t\t\t<h2 class=\"elementor-heading-title elementor-size-default\">WINEMAKING<\/h2>\t\t\t\t<\/div>\n\t\t\t\t<\/div>\n\t\t\t\t<div class=\"elementor-element elementor-element-e5c917c elementor-widget elementor-widget-text-editor\" data-id=\"e5c917c\" data-element_type=\"widget\" data-widget_type=\"text-editor.default\">\n\t\t\t\t<div class=\"elementor-widget-container\">\n\t\t\t\t\t\t\t\t\t<p>When the grapes are ripe, they are picked up in 20 kg boxes, punctured in case it rains, and transported to the winery to be processed on the same day.<\/p><p>The first operation is to put them on the sorting table where between four and six people select the grapes, rejecting those that are not in good condition. Depending on the year and the vineyard, rejection can reach up to 20% of the total.<\/p><p>A \u201cgiraffe\u201d takes them to the destemmer where they are separated from the foot of the bunch, which has a lot of tannin (Port wines are not destemmed) and passed through rubber rollers that break the grape skin. A small amount of sulphur dioxide (a disinfectant and antioxidant) is added. From there they are taken through pipes to the press.<\/p><p>The winery's four lagares (granite tanks) each take around 3,500 kgs of grapes and produce 2,000 to 2,500 liters of wine, depending on the dominant grape varieties.<\/p><p>After two days, during which the fermentation process is monitored on a bi-daily basis, the must is transferred to stainless steel vats where it finishes fermenting.<\/p>\t\t\t\t\t\t\t\t<\/div>\n\t\t\t\t<\/div>\n\t\t\t\t<\/div>\n\t\t<div class=\"elementor-element elementor-element-2a98eae6 e-con-full animated-slow e-flex elementor-invisible e-con e-child\" data-id=\"2a98eae6\" data-element_type=\"container\" data-settings=\"{&quot;background_background&quot;:&quot;classic&quot;,&quot;animation&quot;:&quot;fadeInRight&quot;,&quot;animation_delay&quot;:500,&quot;animation_tablet&quot;:&quot;fadeInRight&quot;,&quot;jet_parallax_layout_list&quot;:[]}\">\n\t\t\t\t<div class=\"elementor-element elementor-element-df090e8 elementor-widget__width-initial elementor-arrows-position-inside elementor-widget elementor-widget-image-carousel\" data-id=\"df090e8\" data-element_type=\"widget\" data-settings=\"{&quot;slides_to_show&quot;:&quot;1&quot;,&quot;navigation&quot;:&quot;arrows&quot;,&quot;autoplay&quot;:&quot;yes&quot;,&quot;pause_on_hover&quot;:&quot;yes&quot;,&quot;pause_on_interaction&quot;:&quot;yes&quot;,&quot;autoplay_speed&quot;:5000,&quot;infinite&quot;:&quot;yes&quot;,&quot;effect&quot;:&quot;slide&quot;,&quot;speed&quot;:500}\" data-widget_type=\"image-carousel.default\">\n\t\t\t\t<div class=\"elementor-widget-container\">\n\t\t\t\t\t\t\t<div class=\"elementor-image-carousel-wrapper swiper\" role=\"region\" aria-roledescription=\"carousel\" aria-label=\"Merry-go-round image\" dir=\"ltr\">\n\t\t\t<div class=\"elementor-image-carousel swiper-wrapper swiper-image-stretch\" aria-live=\"off\">\n\t\t\t\t\t\t\t\t<div class=\"swiper-slide\" role=\"group\" aria-roledescription=\"slide\" aria-label=\"1 of 9\"><figure class=\"swiper-slide-inner\"><img decoding=\"async\" class=\"swiper-slide-image\" src=\"https:\/\/combro.pt\/wp-content\/uploads\/2025\/04\/vinificacao2-1.jpg\" alt=\"vinificacao2\" \/><\/figure><\/div><div class=\"swiper-slide\" role=\"group\" aria-roledescription=\"slide\" aria-label=\"2 of 9\"><figure class=\"swiper-slide-inner\"><img decoding=\"async\" class=\"swiper-slide-image\" src=\"https:\/\/combro.pt\/wp-content\/uploads\/2025\/04\/P1010329-1024x768.jpg\" alt=\"P1010329\" \/><\/figure><\/div><div class=\"swiper-slide\" role=\"group\" aria-roledescription=\"slide\" aria-label=\"3 of 9\"><figure class=\"swiper-slide-inner\"><img decoding=\"async\" class=\"swiper-slide-image\" src=\"https:\/\/combro.pt\/wp-content\/uploads\/2025\/04\/vinificacao3-1.jpg\" alt=\"vinificacao3\" \/><\/figure><\/div><div class=\"swiper-slide\" role=\"group\" aria-roledescription=\"slide\" aria-label=\"4 of 9\"><figure class=\"swiper-slide-inner\"><img decoding=\"async\" class=\"swiper-slide-image\" src=\"https:\/\/combro.pt\/wp-content\/uploads\/2025\/04\/vinificacao5-1.jpg\" alt=\"vinificacao5\" \/><\/figure><\/div><div class=\"swiper-slide\" role=\"group\" aria-roledescription=\"slide\" aria-label=\"5 of 9\"><figure class=\"swiper-slide-inner\"><img decoding=\"async\" class=\"swiper-slide-image\" src=\"https:\/\/combro.pt\/wp-content\/uploads\/2025\/04\/IMG00077-20100921-1906pisa-a-pe-1024x768.jpg\" alt=\"IMG00077-20100921-1906pisa a p\u00e9\" \/><\/figure><\/div><div class=\"swiper-slide\" role=\"group\" aria-roledescription=\"slide\" aria-label=\"6 of 9\"><figure class=\"swiper-slide-inner\"><img decoding=\"async\" class=\"swiper-slide-image\" src=\"https:\/\/combro.pt\/wp-content\/uploads\/2025\/04\/DSC01451-1024x683.jpg\" alt=\"_DSC01451\" \/><\/figure><\/div><div class=\"swiper-slide\" role=\"group\" aria-roledescription=\"slide\" aria-label=\"7 of 9\"><figure class=\"swiper-slide-inner\"><img decoding=\"async\" class=\"swiper-slide-image\" src=\"https:\/\/combro.pt\/wp-content\/uploads\/2025\/04\/P1010333-1024x768.jpg\" alt=\"P1010333\" \/><\/figure><\/div><div class=\"swiper-slide\" role=\"group\" aria-roledescription=\"slide\" aria-label=\"8 of 9\"><figure class=\"swiper-slide-inner\"><img decoding=\"async\" class=\"swiper-slide-image\" src=\"https:\/\/combro.pt\/wp-content\/uploads\/2025\/04\/IMG_10074-Copia-1024x683.jpg\" alt=\"IMG_10074 - C\u00f3pia\" \/><\/figure><\/div><div class=\"swiper-slide\" role=\"group\" aria-roledescription=\"slide\" aria-label=\"9 of 9\"><figure class=\"swiper-slide-inner\"><img decoding=\"async\" class=\"swiper-slide-image\" src=\"https:\/\/combro.pt\/wp-content\/uploads\/2025\/04\/vinificacao6-1.jpg\" alt=\"vinificacao6\" \/><\/figure><\/div>\t\t\t<\/div>\n\t\t\t\t\t\t\t\t\t\t\t\t<div class=\"elementor-swiper-button elementor-swiper-button-prev\" role=\"button\" tabindex=\"0\">\n\t\t\t\t\t\t<svg xmlns=\"http:\/\/www.w3.org\/2000\/svg\" id=\"Layer_2\" data-name=\"Layer 2\" viewbox=\"0 0 57.6 13.2\"><defs><style>      .cls-1 {        fill: none;        stroke: #163644;        stroke-linecap: round;        stroke-linejoin: round;        stroke-width: 1.6px;      }    <\/style><\/defs><g id=\"Layer_3\" data-name=\"Layer 3\"><path id=\"Icon_akar-arrow-down\" data-name=\"Icon akar-arrow-down\" class=\"cls-1\" d=\"M.8,6.6H56.8M7.05,.8L.8,6.6l6.25,5.8\"><\/path><\/g><\/svg>\t\t\t\t\t<\/div>\n\t\t\t\t\t<div class=\"elementor-swiper-button elementor-swiper-button-next\" role=\"button\" tabindex=\"0\">\n\t\t\t\t\t\t<svg xmlns=\"http:\/\/www.w3.org\/2000\/svg\" id=\"Layer_2\" data-name=\"Layer 2\" viewbox=\"0 0 57.6 13.2\"><defs><style>      .cls-1 {        fill: none;        stroke: #163644;        stroke-linecap: round;        stroke-linejoin: round;        stroke-width: 1.6px;      }    <\/style><\/defs><g id=\"Layer_3\" data-name=\"Layer 3\"><path id=\"Icon_akar-arrow-down\" data-name=\"Icon akar-arrow-down\" class=\"cls-1\" d=\"M56.8,6.6H.8m49.75,5.8l6.25-5.8L50.55,.8\"><\/path><\/g><\/svg>\t\t\t\t\t<\/div>\n\t\t\t\t\n\t\t\t\t\t\t\t\t\t<\/div>\n\t\t\t\t\t\t<\/div>\n\t\t\t\t<\/div>\n\t\t\t\t<\/div>\n\t\t<div class=\"elementor-element elementor-element-cfbf94d e-con-full animated-slow elementor-hidden-widescreen elementor-hidden-desktop elementor-hidden-laptop elementor-hidden-tablet elementor-hidden-mobile e-flex elementor-invisible e-con e-child\" data-id=\"cfbf94d\" data-element_type=\"container\" data-settings=\"{&quot;background_background&quot;:&quot;classic&quot;,&quot;animation&quot;:&quot;fadeInRight&quot;,&quot;animation_delay&quot;:500,&quot;animation_tablet&quot;:&quot;fadeInRight&quot;,&quot;jet_parallax_layout_list&quot;:[]}\">\n\t\t\t\t<\/div>\n\t\t\t\t\t<\/div>\n\t\t\t\t<\/div>\n\t\t<div class=\"elementor-element elementor-element-45b4b20 e-flex e-con-boxed e-con e-parent\" data-id=\"45b4b20\" data-element_type=\"container\" data-settings=\"{&quot;jet_parallax_layout_list&quot;:[]}\">\n\t\t\t\t\t<div class=\"e-con-inner\">\n\t\t<div class=\"elementor-element elementor-element-048cb6e e-con-full e-flex elementor-invisible e-con e-child\" data-id=\"048cb6e\" data-element_type=\"container\" data-settings=\"{&quot;background_background&quot;:&quot;classic&quot;,&quot;animation&quot;:&quot;fadeInLeft&quot;,&quot;animation_tablet&quot;:&quot;fadeInLeft&quot;,&quot;jet_parallax_layout_list&quot;:[]}\">\n\t\t\t\t<div class=\"elementor-element elementor-element-1d8f9e4 elementor-widget__width-initial elementor-arrows-position-inside elementor-widget elementor-widget-image-carousel\" data-id=\"1d8f9e4\" data-element_type=\"widget\" data-settings=\"{&quot;slides_to_show&quot;:&quot;1&quot;,&quot;navigation&quot;:&quot;arrows&quot;,&quot;autoplay&quot;:&quot;yes&quot;,&quot;pause_on_hover&quot;:&quot;yes&quot;,&quot;pause_on_interaction&quot;:&quot;yes&quot;,&quot;autoplay_speed&quot;:5000,&quot;infinite&quot;:&quot;yes&quot;,&quot;effect&quot;:&quot;slide&quot;,&quot;speed&quot;:500}\" data-widget_type=\"image-carousel.default\">\n\t\t\t\t<div class=\"elementor-widget-container\">\n\t\t\t\t\t\t\t<div class=\"elementor-image-carousel-wrapper swiper\" role=\"region\" aria-roledescription=\"carousel\" aria-label=\"Merry-go-round image\" dir=\"ltr\">\n\t\t\t<div class=\"elementor-image-carousel swiper-wrapper swiper-image-stretch\" aria-live=\"off\">\n\t\t\t\t\t\t\t\t<div class=\"swiper-slide\" role=\"group\" aria-roledescription=\"slide\" aria-label=\"1 of 5\"><figure class=\"swiper-slide-inner\"><img decoding=\"async\" class=\"swiper-slide-image\" src=\"https:\/\/combro.pt\/wp-content\/uploads\/2025\/04\/DSC08886-1024x819.jpg\" alt=\"DSC08886\" \/><\/figure><\/div><div class=\"swiper-slide\" role=\"group\" aria-roledescription=\"slide\" aria-label=\"2 of 5\"><figure class=\"swiper-slide-inner\"><img decoding=\"async\" class=\"swiper-slide-image\" src=\"https:\/\/combro.pt\/wp-content\/uploads\/2025\/04\/estagio2.jpg\" alt=\"estagio2\" \/><\/figure><\/div><div class=\"swiper-slide\" role=\"group\" aria-roledescription=\"slide\" aria-label=\"3 of 5\"><figure class=\"swiper-slide-inner\"><img decoding=\"async\" class=\"swiper-slide-image\" src=\"https:\/\/combro.pt\/wp-content\/uploads\/2025\/04\/IMG_10064-1024x683.jpg\" alt=\"IMG_10064\" \/><\/figure><\/div><div class=\"swiper-slide\" role=\"group\" aria-roledescription=\"slide\" aria-label=\"4 of 5\"><figure class=\"swiper-slide-inner\"><img decoding=\"async\" class=\"swiper-slide-image\" src=\"https:\/\/combro.pt\/wp-content\/uploads\/2025\/04\/estagio1.jpg\" alt=\"estagio1\" \/><\/figure><\/div><div class=\"swiper-slide\" role=\"group\" aria-roledescription=\"slide\" aria-label=\"5 of 5\"><figure class=\"swiper-slide-inner\"><img decoding=\"async\" class=\"swiper-slide-image\" src=\"https:\/\/combro.pt\/wp-content\/uploads\/2025\/04\/IMG_9948-Copia-1024x683.jpg\" alt=\"IMG_9948 - C\u00f3pia\" \/><\/figure><\/div>\t\t\t<\/div>\n\t\t\t\t\t\t\t\t\t\t\t\t<div class=\"elementor-swiper-button elementor-swiper-button-prev\" role=\"button\" tabindex=\"0\">\n\t\t\t\t\t\t<svg xmlns=\"http:\/\/www.w3.org\/2000\/svg\" id=\"Layer_2\" data-name=\"Layer 2\" viewbox=\"0 0 57.6 13.2\"><defs><style>      .cls-1 {        fill: none;        stroke: #163644;        stroke-linecap: round;        stroke-linejoin: round;        stroke-width: 1.6px;      }    <\/style><\/defs><g id=\"Layer_3\" data-name=\"Layer 3\"><path id=\"Icon_akar-arrow-down\" data-name=\"Icon akar-arrow-down\" class=\"cls-1\" d=\"M.8,6.6H56.8M7.05,.8L.8,6.6l6.25,5.8\"><\/path><\/g><\/svg>\t\t\t\t\t<\/div>\n\t\t\t\t\t<div class=\"elementor-swiper-button elementor-swiper-button-next\" role=\"button\" tabindex=\"0\">\n\t\t\t\t\t\t<svg xmlns=\"http:\/\/www.w3.org\/2000\/svg\" id=\"Layer_2\" data-name=\"Layer 2\" viewbox=\"0 0 57.6 13.2\"><defs><style>      .cls-1 {        fill: none;        stroke: #163644;        stroke-linecap: round;        stroke-linejoin: round;        stroke-width: 1.6px;      }    <\/style><\/defs><g id=\"Layer_3\" data-name=\"Layer 3\"><path id=\"Icon_akar-arrow-down\" data-name=\"Icon akar-arrow-down\" class=\"cls-1\" d=\"M56.8,6.6H.8m49.75,5.8l6.25-5.8L50.55,.8\"><\/path><\/g><\/svg>\t\t\t\t\t<\/div>\n\t\t\t\t\n\t\t\t\t\t\t\t\t\t<\/div>\n\t\t\t\t\t\t<\/div>\n\t\t\t\t<\/div>\n\t\t\t\t<\/div>\n\t\t<div class=\"elementor-element elementor-element-1aaaf07 e-con-full animated-slow e-flex elementor-invisible e-con e-child\" data-id=\"1aaaf07\" data-element_type=\"container\" data-settings=\"{&quot;animation_tablet&quot;:&quot;fadeInRight&quot;,&quot;animation&quot;:&quot;fadeInRight&quot;,&quot;animation_delay&quot;:500,&quot;jet_parallax_layout_list&quot;:[]}\">\n\t\t\t\t<div class=\"elementor-element elementor-element-ab13187 elementor-widget elementor-widget-heading\" data-id=\"ab13187\" data-element_type=\"widget\" data-widget_type=\"heading.default\">\n\t\t\t\t<div class=\"elementor-widget-container\">\n\t\t\t\t\t<h2 class=\"elementor-heading-title elementor-size-default\">AGEING<\/h2>\t\t\t\t<\/div>\n\t\t\t\t<\/div>\n\t\t\t\t<div class=\"elementor-element elementor-element-dcfdf25 elementor-widget elementor-widget-text-editor\" data-id=\"dcfdf25\" data-element_type=\"widget\" data-widget_type=\"text-editor.default\">\n\t\t\t\t<div class=\"elementor-widget-container\">\n\t\t\t\t\t\t\t\t\t<p>It takes place in small French oak barrels (225 and 300 liters) or in stainless steel vats for 18 months.<\/p><p>The second fermentation, malolactic fermentation, i.e. the transformation of malic acid (from apples) into lactic acid (from milk), takes place spontaneously and softens the wine, softening the tannins.<\/p><p>Four times a year, the wine is removed, tasted and analyzed, and the destination of the batches (which are always separated) is determined according to their characteristics.\nThe barrels have two functions (micro-oxygenation and the softening of the tannins) and tertiary aromas.<\/p><p>After 15 months, the final blend is created by combining different batches according to the type of wine desired.<\/p>\t\t\t\t\t\t\t\t<\/div>\n\t\t\t\t<\/div>\n\t\t\t\t<\/div>\n\t\t<div class=\"elementor-element elementor-element-1422632 e-con-full elementor-hidden-widescreen elementor-hidden-desktop elementor-hidden-laptop elementor-hidden-tablet elementor-hidden-mobile e-flex elementor-invisible e-con e-child\" data-id=\"1422632\" data-element_type=\"container\" data-settings=\"{&quot;background_background&quot;:&quot;classic&quot;,&quot;animation&quot;:&quot;fadeInLeft&quot;,&quot;animation_tablet&quot;:&quot;fadeInLeft&quot;,&quot;jet_parallax_layout_list&quot;:[]}\">\n\t\t\t\t<\/div>\n\t\t\t\t\t<\/div>\n\t\t\t\t<\/div>\n\t\t\t\t<\/div>","protected":false},"excerpt":{"rendered":"<p>A VINHA Localizadas em Vilarinho de Cotas, as vinhas s\u00e3o muito antigas (50 a 70 anos), o que se justifica a dificuldade e o custo de refazer os combros. As vinhas velhas t\u00eam baixas produ\u00e7\u00f5es, da ordem dos 1.000 a 1.500 kg por hectare, produzindo vinhos muito refinados. A diversidade contribui para a riqueza arom\u00e1tica [&hellip;]<\/p>","protected":false},"author":1,"featured_media":0,"parent":0,"menu_order":0,"comment_status":"closed","ping_status":"closed","template":"elementor_header_footer","meta":{"_acf_changed":false,"footnotes":""},"class_list":["post-1147","page","type-page","status-publish","hentry"],"acf":[],"_links":{"self":[{"href":"https:\/\/combro.pt\/en\/wp-json\/wp\/v2\/pages\/1147","targetHints":{"allow":["GET"]}}],"collection":[{"href":"https:\/\/combro.pt\/en\/wp-json\/wp\/v2\/pages"}],"about":[{"href":"https:\/\/combro.pt\/en\/wp-json\/wp\/v2\/types\/page"}],"author":[{"embeddable":true,"href":"https:\/\/combro.pt\/en\/wp-json\/wp\/v2\/users\/1"}],"replies":[{"embeddable":true,"href":"https:\/\/combro.pt\/en\/wp-json\/wp\/v2\/comments?post=1147"}],"version-history":[{"count":313,"href":"https:\/\/combro.pt\/en\/wp-json\/wp\/v2\/pages\/1147\/revisions"}],"predecessor-version":[{"id":3894,"href":"https:\/\/combro.pt\/en\/wp-json\/wp\/v2\/pages\/1147\/revisions\/3894"}],"wp:attachment":[{"href":"https:\/\/combro.pt\/en\/wp-json\/wp\/v2\/media?parent=1147"}],"curies":[{"name":"wp","href":"https:\/\/api.w.org\/{rel}","templated":true}]}}