{"id":3,"date":"2024-11-20T19:26:47","date_gmt":"2024-11-20T19:26:47","guid":{"rendered":"https:\/\/combro.pt\/?page_id=3"},"modified":"2025-03-12T16:05:13","modified_gmt":"2025-03-12T16:05:13","slug":"privacy-policy","status":"publish","type":"page","link":"https:\/\/combro.pt\/en\/privacy-policy\/","title":{"rendered":"Privacy policy"},"content":{"rendered":"<div data-elementor-type=\"wp-page\" data-elementor-id=\"3\" class=\"elementor elementor-3\" data-elementor-post-type=\"page\">\n\t\t\t\t<div class=\"elementor-element elementor-element-15d6a1a1 e-flex e-con-boxed e-con e-parent\" data-id=\"15d6a1a1\" data-element_type=\"container\" data-settings=\"{&quot;jet_parallax_layout_list&quot;:[]}\">\n\t\t\t\t\t<div class=\"e-con-inner\">\n\t\t\t\t<div class=\"elementor-element elementor-element-9df3e96 elementor-widget elementor-widget-heading\" data-id=\"9df3e96\" data-element_type=\"widget\" data-widget_type=\"heading.default\">\n\t\t\t\t<div class=\"elementor-widget-container\">\n\t\t\t\t\t<h1 class=\"elementor-heading-title elementor-size-default\">Privacy policy<\/h1>\t\t\t\t<\/div>\n\t\t\t\t<\/div>\n\t\t\t\t<div class=\"elementor-element elementor-element-3ac85ca4 elementor-widget elementor-widget-text-editor\" data-id=\"3ac85ca4\" data-element_type=\"widget\" data-widget_type=\"text-editor.default\">\n\t\t\t\t<div class=\"elementor-widget-container\">\n\t\t\t\t\t\t\t\t\t\n<p>Your privacy is extremely important to us. We are committed to respecting your privacy and protecting any personal information that you may provide to us via our website\u00a0<strong>[www.combro.pt]Combro<\/strong>located in\u00a0<strong>[www.combro.pt]www.combro.pt<\/strong>.<\/p>\n\n<p>\u00a0<\/p>\n\n<h3 class=\"wp-block-heading\"><strong>Collection of Information<\/strong><\/h3>\n\n<p>We ask for your personal information only where they are absolutely necessary in order to provide our services to you. We collect this information in a way that is fair and legal matters, with your knowledge and consent. Also, please be advised of the reasons for the collection, and how that information is used.<\/p>\n\n<p>\u00a0<\/p>\n\n<h3 class=\"wp-block-heading\"><strong>The use and Storage of Information<\/strong><\/h3>\n\n<p>We retain the collected information only for as long as necessary to provide you with the service you have requested. We will store the data protected by the security measures are technically appropriate, to prevent the loss, theft, unauthorized access, disclosure, copying, use or modification.<\/p>\n\n<p>\u00a0<\/p>\n\n<h3 class=\"wp-block-heading\"><strong>Sharing of Information<\/strong><\/h3>\n\n<p>We do not share any of your personal information publicly or with third-parties, except when required to do so by law.<\/p>\n\n<p>\u00a0<\/p>\n\n<h3 class=\"wp-block-heading\"><strong>External Websites<\/strong><\/h3>\n\n<p>Our website may contain links to third party sites that are not operated by us. Please keep in mind that we do not control such sites, and cannot accept responsibility for one&#039;s own privacy policies.<\/p>\n\n<p>\u00a0<\/p>\n\n<h3 class=\"wp-block-heading\"><strong>Refusal Information<\/strong><\/h3>\n\n<p>You can choose not to provide personal information, with the understanding that it may prevent you to provide you with certain services to you.<\/p>\n\n<p>\u00a0<\/p>\n\n<h3 class=\"wp-block-heading\"><strong>Acceptance of this Policy<\/strong><\/h3>\n\n<p>Your continued use of our website indicates your acceptance of our privacy policy. If you have any questions about how we handle user data and personal information, feel free to contact us.<\/p>\n\n<p>\u00a0<\/p>\n\n<h3 class=\"wp-block-heading\"><strong>Advertising Cookies<\/strong><\/h3>\n\n<p>We use Google AdSense to serve advertising uses a DoubleClick cookie to serve ads that are relevant and limited to the repetition of targeted advertisements. More information on the privacy practices of Google AdSense, you can be taken directly in to your frequently asked questions.<\/p>\n\n<p>Cookies for online behavioural advertising is used to ensure that all the advertisements that are relevant to you, keeping track of your interests on an anonymous basis.<\/p>\n\n<p>\u00a0<\/p>\n\n<h3 class=\"wp-block-heading\"><strong>Commitment of the User<\/strong><\/h3>\n\n<p>The use of the website\u00a0<strong>Combro<\/strong>you agree to:<\/p>\n\n<ul class=\"wp-block-list\">\n<li>Do not perform activities that are illegal or contrary to the ethics and public policy;<\/li>\n\n<li>Not to use the content that is discriminatory, illegal, or that promotes harmful activities against the human rights.<\/li>\n\n<li>Do not cause damage to the physical and logical\u00a0<strong>Combro<\/strong>, its suppliers, or any third party.<\/li>\n\n<li>\u00a0<\/li>\n<\/ul>\n\n<h3 class=\"wp-block-heading\"><strong>More Information<\/strong><\/h3>\n\n<p>We hope that you will be informed about the setting of cookies. If you are not sure about something, we recommend that you leave cookies turned on to ensure the functionality of our website will operate as intended.<\/p>\n\n<p>This policy is effective from March 12, 2025.<\/p>\n\t\t\t\t\t\t\t\t<\/div>\n\t\t\t\t<\/div>\n\t\t\t\t\t<\/div>\n\t\t\t\t<\/div>\n\t\t\t\t<\/div>","protected":false},"excerpt":{"rendered":"<p>A sua privacidade \u00e9 extremamente importante para n\u00f3s. Comprometemo-nos a respeitar sua privacidade e proteger qualquer informa\u00e7\u00e3o pessoal que voc\u00ea possa fornecer atrav\u00e9s do nosso site,\u00a0[www.combro.pt]Combro, localizado em\u00a0[www.combro.pt]www.combro.pt. \u00a0 Coleta de Informa\u00e7\u00f5es Solicitamos suas informa\u00e7\u00f5es pessoais apenas quando elas s\u00e3o estritamente necess\u00e1rias para fornecer nossos servi\u00e7os a voc\u00ea. Coletamos essas informa\u00e7\u00f5es de maneira justa e [&hellip;]<\/p>","protected":false},"author":1,"featured_media":0,"parent":0,"menu_order":0,"comment_status":"closed","ping_status":"closed","template":"elementor_header_footer","meta":{"_acf_changed":false,"footnotes":""},"class_list":["post-3","page","type-page","status-publish","hentry"],"acf":[],"_links":{"self":[{"href":"https:\/\/combro.pt\/en\/wp-json\/wp\/v2\/pages\/3","targetHints":{"allow":["GET"]}}],"collection":[{"href":"https:\/\/combro.pt\/en\/wp-json\/wp\/v2\/pages"}],"about":[{"href":"https:\/\/combro.pt\/en\/wp-json\/wp\/v2\/types\/page"}],"author":[{"embeddable":true,"href":"https:\/\/combro.pt\/en\/wp-json\/wp\/v2\/users\/1"}],"replies":[{"embeddable":true,"href":"https:\/\/combro.pt\/en\/wp-json\/wp\/v2\/comments?post=3"}],"version-history":[{"count":8,"href":"https:\/\/combro.pt\/en\/wp-json\/wp\/v2\/pages\/3\/revisions"}],"predecessor-version":[{"id":3251,"href":"https:\/\/combro.pt\/en\/wp-json\/wp\/v2\/pages\/3\/revisions\/3251"}],"wp:attachment":[{"href":"https:\/\/combro.pt\/en\/wp-json\/wp\/v2\/media?parent=3"}],"curies":[{"name":"wp","href":"https:\/\/api.w.org\/{rel}","templated":true}]}}