{"id":58,"date":"2024-11-22T16:09:09","date_gmt":"2024-11-22T16:09:09","guid":{"rendered":"https:\/\/combro.pt\/?page_id=58"},"modified":"2025-05-09T10:09:22","modified_gmt":"2025-05-09T10:09:22","slug":"inicio","status":"publish","type":"page","link":"https:\/\/combro.pt\/en\/","title":{"rendered":"In\u00edcio"},"content":{"rendered":"<div data-elementor-type=\"wp-page\" data-elementor-id=\"58\" class=\"elementor elementor-58\" data-elementor-post-type=\"page\">\n\t\t\t\t<div class=\"elementor-element elementor-element-7cd167b e-con-full e-flex e-con e-parent\" data-id=\"7cd167b\" data-element_type=\"container\" data-settings=\"{&quot;background_background&quot;:&quot;slideshow&quot;,&quot;background_slideshow_gallery&quot;:[{&quot;id&quot;:69,&quot;url&quot;:&quot;https:\\\/\\\/combro.pt\\\/wp-content\\\/uploads\\\/2024\\\/11\\\/Combro_Homepage_Hero_01.jpg&quot;},{&quot;id&quot;:71,&quot;url&quot;:&quot;https:\\\/\\\/combro.pt\\\/wp-content\\\/uploads\\\/2024\\\/11\\\/Combro_Homepage_Hero_02.jpg&quot;}],&quot;background_slideshow_ken_burns&quot;:&quot;yes&quot;,&quot;jet_parallax_layout_list&quot;:[],&quot;background_slideshow_loop&quot;:&quot;yes&quot;,&quot;background_slideshow_slide_duration&quot;:5000,&quot;background_slideshow_slide_transition&quot;:&quot;fade&quot;,&quot;background_slideshow_transition_duration&quot;:500,&quot;background_slideshow_ken_burns_zoom_direction&quot;:&quot;in&quot;}\">\n\t\t\t\t<div class=\"elementor-element elementor-element-ad6e521 elementor-widget elementor-widget-image\" data-id=\"ad6e521\" data-element_type=\"widget\" data-widget_type=\"image.default\">\n\t\t\t\t<div class=\"elementor-widget-container\">\n\t\t\t\t\t\t\t\t\t\t\t\t\t\t\t<img fetchpriority=\"high\" decoding=\"async\" width=\"800\" height=\"208\" src=\"https:\/\/combro.pt\/wp-content\/uploads\/2024\/11\/Combro-Logo.svg\" class=\"attachment-large size-large wp-image-13\" alt=\"\" \/>\t\t\t\t\t\t\t\t\t\t\t\t\t\t\t<\/div>\n\t\t\t\t<\/div>\n\t\t\t\t<div class=\"elementor-element elementor-element-6fb87ed elementor-absolute elementor-widget elementor-widget-image\" data-id=\"6fb87ed\" data-element_type=\"widget\" data-settings=\"{&quot;_position&quot;:&quot;absolute&quot;}\" data-widget_type=\"image.default\">\n\t\t\t\t<div class=\"elementor-widget-container\">\n\t\t\t\t\t\t\t\t\t\t\t\t\t\t\t\t<a href=\"#hero2\">\n\t\t\t\t\t\t\t<img decoding=\"async\" width=\"16\" height=\"42\" src=\"https:\/\/combro.pt\/wp-content\/uploads\/2024\/11\/Seta-down-1.svg\" class=\"attachment-large size-large wp-image-106\" alt=\"\" \/>\t\t\t\t\t\t\t\t<\/a>\n\t\t\t\t\t\t\t\t\t\t\t\t\t\t\t<\/div>\n\t\t\t\t<\/div>\n\t\t\t\t<\/div>\n\t\t<div class=\"elementor-element elementor-element-9d1ef68 e-flex e-con-boxed e-con e-parent\" data-id=\"9d1ef68\" data-element_type=\"container\" data-settings=\"{&quot;animation&quot;:&quot;none&quot;,&quot;jet_parallax_layout_list&quot;:[]}\">\n\t\t\t\t\t<div class=\"e-con-inner\">\n\t\t\t\t<div class=\"elementor-element elementor-element-030e0db elementor-absolute elementor-widget elementor-widget-menu-anchor\" data-id=\"030e0db\" data-element_type=\"widget\" data-settings=\"{&quot;_position&quot;:&quot;absolute&quot;}\" data-widget_type=\"menu-anchor.default\">\n\t\t\t\t<div class=\"elementor-widget-container\">\n\t\t\t\t\t\t\t<div class=\"elementor-menu-anchor\" id=\"hero2\"><\/div>\n\t\t\t\t\t\t<\/div>\n\t\t\t\t<\/div>\n\t\t\t\t<div class=\"elementor-element elementor-element-7ba6a6d elementor-widget elementor-widget-heading\" data-id=\"7ba6a6d\" data-element_type=\"widget\" data-widget_type=\"heading.default\">\n\t\t\t\t<div class=\"elementor-widget-container\">\n\t\t\t\t\t<h2 class=\"elementor-heading-title elementor-size-default\">WELCOME TO THE QUINTA DO COMBRO<\/h2>\t\t\t\t<\/div>\n\t\t\t\t<\/div>\n\t\t\t\t<div class=\"elementor-element elementor-element-921741e elementor-widget elementor-widget-text-editor\" data-id=\"921741e\" data-element_type=\"widget\" data-widget_type=\"text-editor.default\">\n\t\t\t\t<div class=\"elementor-widget-container\">\n\t\t\t\t\t\t\t\t\t<p>Enjoy a unique experience in the heart of the Douro region, where <span style=\"color: var( --e-global-color-text );\">our Rural Tourism, organic olive oil and wine production <\/span><span style=\"color: var( --e-global-color-text );\">come together to offer the best of the region.\u00a0<\/span><\/p>\t\t\t\t\t\t\t\t<\/div>\n\t\t\t\t<\/div>\n\t\t\t\t<div class=\"elementor-element elementor-element-1671e60 elementor-widget-divider--view-line elementor-widget elementor-widget-divider\" data-id=\"1671e60\" data-element_type=\"widget\" data-widget_type=\"divider.default\">\n\t\t\t\t<div class=\"elementor-widget-container\">\n\t\t\t\t\t\t\t<div class=\"elementor-divider\">\n\t\t\t<span class=\"elementor-divider-separator\">\n\t\t\t\t\t\t<\/span>\n\t\t<\/div>\n\t\t\t\t\t\t<\/div>\n\t\t\t\t<\/div>\n\t\t\t\t\t<\/div>\n\t\t\t\t<\/div>\n\t\t<div class=\"elementor-element elementor-element-2b66fba e-con-full e-flex e-con e-parent\" data-id=\"2b66fba\" data-element_type=\"container\" data-settings=\"{&quot;background_background&quot;:&quot;classic&quot;,&quot;animation&quot;:&quot;none&quot;,&quot;animation_tablet&quot;:&quot;none&quot;,&quot;jet_parallax_layout_list&quot;:[]}\">\n\t\t<div class=\"elementor-element elementor-element-daa5e5a e-con-full e-flex elementor-invisible e-con e-child\" data-id=\"daa5e5a\" data-element_type=\"container\" data-settings=\"{&quot;animation&quot;:&quot;fadeInUp&quot;,&quot;animation_tablet&quot;:&quot;fadeInUp&quot;,&quot;jet_parallax_layout_list&quot;:[]}\">\n\t\t\t\t<div class=\"elementor-element elementor-element-5d0f436 elementor-widget elementor-widget-heading\" data-id=\"5d0f436\" data-element_type=\"widget\" data-widget_type=\"heading.default\">\n\t\t\t\t<div class=\"elementor-widget-container\">\n\t\t\t\t\t<h5 class=\"elementor-heading-title elementor-size-default\">Rural Tourism<\/h5>\t\t\t\t<\/div>\n\t\t\t\t<\/div>\n\t\t\t\t<div class=\"elementor-element elementor-element-4fad705 elementor-widget elementor-widget-heading\" data-id=\"4fad705\" data-element_type=\"widget\" data-widget_type=\"heading.default\">\n\t\t\t\t<div class=\"elementor-widget-container\">\n\t\t\t\t\t<h1 class=\"elementor-heading-title elementor-size-default\">CASAS DE VILARINHO<\/h1>\t\t\t\t<\/div>\n\t\t\t\t<\/div>\n\t\t\t\t<div class=\"elementor-element elementor-element-e56a4a4 elementor-widget elementor-widget-text-editor\" data-id=\"e56a4a4\" data-element_type=\"widget\" data-widget_type=\"text-editor.default\">\n\t\t\t\t<div class=\"elementor-widget-container\">\n\t\t\t\t\t\t\t\t\t<p>At Quinta do Combro, you can enjoy a unique stay in the heart of the Douro Valley. <br \/>Just a few minutes away from the Pinh\u00e3o, we offer rooms with stunning views, a self-produced winery,  swimming pool, gardens, and hiking trails for relaxing walks.<\/p>\t\t\t\t\t\t\t\t<\/div>\n\t\t\t\t<\/div>\n\t\t\t\t<div class=\"elementor-element elementor-element-fe3354e elementor-widget elementor-widget-text-editor\" data-id=\"fe3354e\" data-element_type=\"widget\" data-widget_type=\"text-editor.default\">\n\t\t\t\t<div class=\"elementor-widget-container\">\n\t\t\t\t\t\t\t\t\t<p>Try out the best homemade food and enjoy the essence of the Douro river.<\/p>\t\t\t\t\t\t\t\t<\/div>\n\t\t\t\t<\/div>\n\t\t\t\t<div class=\"elementor-element elementor-element-435b67a elementor-align-left elementor-widget elementor-widget-button\" data-id=\"435b67a\" data-element_type=\"widget\" data-widget_type=\"button.default\">\n\t\t\t\t<div class=\"elementor-widget-container\">\n\t\t\t\t\t\t\t\t\t<div class=\"elementor-button-wrapper\">\n\t\t\t\t\t<a class=\"elementor-button elementor-button-link elementor-size-sm\" href=\"https:\/\/combro.pt\/en\/turismo-rural\/\" id=\"btn-descubra-mais\">\n\t\t\t\t\t\t<span class=\"elementor-button-content-wrapper\">\n\t\t\t\t\t\t<span class=\"elementor-button-icon\">\n\t\t\t\t<svg xmlns=\"http:\/\/www.w3.org\/2000\/svg\" id=\"Layer_2\" data-name=\"Layer 2\" viewbox=\"0 0 40 14.65\"><g id=\"Layer_3\" data-name=\"Layer 3\"><path id=\"Icon_akar-arrow-down\" data-name=\"Icon akar-arrow-down\" d=\"M39.5,7.32H.5m31.64,6.82l7.36-6.82L32.14,.5\" style=\"fill: none; stroke: #163644; stroke-linecap: round; stroke-linejoin: round;\"><\/path><\/g><\/svg>\t\t\t<\/span>\n\t\t\t\t\t\t\t\t\t<span class=\"elementor-button-text\">to find out more<\/span>\n\t\t\t\t\t<\/span>\n\t\t\t\t\t<\/a>\n\t\t\t\t<\/div>\n\t\t\t\t\t\t\t\t<\/div>\n\t\t\t\t<\/div>\n\t\t\t\t<\/div>\n\t\t<div class=\"elementor-element elementor-element-c21426c e-con-full e-flex e-con e-child\" data-id=\"c21426c\" data-element_type=\"container\" data-settings=\"{&quot;background_background&quot;:&quot;classic&quot;,&quot;jet_parallax_layout_list&quot;:[]}\">\n\t\t\t\t<\/div>\n\t\t\t\t<\/div>\n\t\t<div class=\"elementor-element elementor-element-e39f1c5 e-con-full e-flex e-con e-parent\" data-id=\"e39f1c5\" data-element_type=\"container\" data-settings=\"{&quot;background_background&quot;:&quot;classic&quot;,&quot;animation&quot;:&quot;none&quot;,&quot;animation_tablet&quot;:&quot;none&quot;,&quot;jet_parallax_layout_list&quot;:[]}\">\n\t\t<div class=\"elementor-element elementor-element-7b5ce5c e-flex e-con-boxed elementor-invisible e-con e-child\" data-id=\"7b5ce5c\" data-element_type=\"container\" data-settings=\"{&quot;animation&quot;:&quot;fadeInUp&quot;,&quot;animation_tablet&quot;:&quot;fadeInUp&quot;,&quot;animation_delay&quot;:500,&quot;jet_parallax_layout_list&quot;:[]}\">\n\t\t\t\t\t<div class=\"e-con-inner\">\n\t\t<div class=\"elementor-element elementor-element-2486f68 e-con-full e-flex e-con e-child\" data-id=\"2486f68\" data-element_type=\"container\" data-settings=\"{&quot;jet_parallax_layout_list&quot;:[]}\">\n\t\t\t\t<div class=\"elementor-element elementor-element-b963dab elementor-widget elementor-widget-image\" data-id=\"b963dab\" data-element_type=\"widget\" data-widget_type=\"image.default\">\n\t\t\t\t<div class=\"elementor-widget-container\">\n\t\t\t\t\t\t\t\t\t\t\t\t\t\t\t<img decoding=\"async\" width=\"462\" height=\"700\" src=\"https:\/\/combro.pt\/wp-content\/uploads\/2025\/02\/OsVinhos.png\" class=\"attachment-large size-large wp-image-2976\" alt=\"\" srcset=\"https:\/\/combro.pt\/wp-content\/uploads\/2025\/02\/OsVinhos.png 462w, https:\/\/combro.pt\/wp-content\/uploads\/2025\/02\/OsVinhos-198x300.png 198w\" sizes=\"(max-width: 462px) 100vw, 462px\" \/>\t\t\t\t\t\t\t\t\t\t\t\t\t\t\t<\/div>\n\t\t\t\t<\/div>\n\t\t\t\t<\/div>\n\t\t<div class=\"elementor-element elementor-element-ab36725 e-con-full e-flex e-con e-child\" data-id=\"ab36725\" data-element_type=\"container\" data-settings=\"{&quot;jet_parallax_layout_list&quot;:[]}\">\n\t\t\t\t<div class=\"elementor-element elementor-element-454ee93 elementor-widget__width-initial elementor-widget elementor-widget-heading\" data-id=\"454ee93\" data-element_type=\"widget\" data-widget_type=\"heading.default\">\n\t\t\t\t<div class=\"elementor-widget-container\">\n\t\t\t\t\t<h2 class=\"elementor-heading-title elementor-size-default\">THE WINES<\/h2>\t\t\t\t<\/div>\n\t\t\t\t<\/div>\n\t\t\t\t<div class=\"elementor-element elementor-element-77767f0 elementor-widget elementor-widget-text-editor\" data-id=\"77767f0\" data-element_type=\"widget\" data-widget_type=\"text-editor.default\">\n\t\t\t\t<div class=\"elementor-widget-container\">\n\t\t\t\t\t\t\t\t\t<p>Our wines are produced in small quantities, guaranteeing exceptional quality. All harvesting is done by hand and we follow an organic method, without herbicides and with natural fertilizers.<\/p>\t\t\t\t\t\t\t\t<\/div>\n\t\t\t\t<\/div>\n\t\t<div class=\"elementor-element elementor-element-af64aaf e-con-full e-flex e-con e-child\" data-id=\"af64aaf\" data-element_type=\"container\" data-settings=\"{&quot;jet_parallax_layout_list&quot;:[]}\">\n\t\t\t\t<div class=\"elementor-element elementor-element-eedd666 elementor-align-left elementor-widget__width-auto elementor-widget elementor-widget-button\" data-id=\"eedd666\" data-element_type=\"widget\" data-widget_type=\"button.default\">\n\t\t\t\t<div class=\"elementor-widget-container\">\n\t\t\t\t\t\t\t\t\t<div class=\"elementor-button-wrapper\">\n\t\t\t\t\t<a class=\"elementor-button elementor-button-link elementor-size-sm\" href=\"https:\/\/combro.pt\/en\/tipos-de-vinho\/vinho-tinto\/\">\n\t\t\t\t\t\t<span class=\"elementor-button-content-wrapper\">\n\t\t\t\t\t\t<span class=\"elementor-button-icon\">\n\t\t\t\t<svg xmlns=\"http:\/\/www.w3.org\/2000\/svg\" id=\"Layer_2\" data-name=\"Layer 2\" viewbox=\"0 0 40 14.65\"><defs><style>      .cls-1 {        fill: none;        stroke: #fffaf0;        stroke-linecap: round;        stroke-linejoin: round;      }    <\/style><\/defs><g id=\"Layer_3\" data-name=\"Layer 3\"><path id=\"Icon_akar-arrow-down\" data-name=\"Icon akar-arrow-down\" class=\"cls-1\" d=\"M39.5,7.32H.5m31.64,6.82l7.36-6.82L32.14,.5\"><\/path><\/g><\/svg>\t\t\t<\/span>\n\t\t\t\t\t\t\t\t\t<span class=\"elementor-button-text\">red wine<\/span>\n\t\t\t\t\t<\/span>\n\t\t\t\t\t<\/a>\n\t\t\t\t<\/div>\n\t\t\t\t\t\t\t\t<\/div>\n\t\t\t\t<\/div>\n\t\t\t\t<div class=\"elementor-element elementor-element-2b27c88 elementor-align-left elementor-widget__width-auto elementor-widget elementor-widget-button\" data-id=\"2b27c88\" data-element_type=\"widget\" data-widget_type=\"button.default\">\n\t\t\t\t<div class=\"elementor-widget-container\">\n\t\t\t\t\t\t\t\t\t<div class=\"elementor-button-wrapper\">\n\t\t\t\t\t<a class=\"elementor-button elementor-button-link elementor-size-sm\" href=\"https:\/\/combro.pt\/en\/tipos-de-vinho\/vinho-branco\/\">\n\t\t\t\t\t\t<span class=\"elementor-button-content-wrapper\">\n\t\t\t\t\t\t<span class=\"elementor-button-icon\">\n\t\t\t\t<svg xmlns=\"http:\/\/www.w3.org\/2000\/svg\" id=\"Layer_2\" data-name=\"Layer 2\" viewbox=\"0 0 40 14.65\"><defs><style>      .cls-1 {        fill: none;        stroke: #fffaf0;        stroke-linecap: round;        stroke-linejoin: round;      }    <\/style><\/defs><g id=\"Layer_3\" data-name=\"Layer 3\"><path id=\"Icon_akar-arrow-down\" data-name=\"Icon akar-arrow-down\" class=\"cls-1\" d=\"M39.5,7.32H.5m31.64,6.82l7.36-6.82L32.14,.5\"><\/path><\/g><\/svg>\t\t\t<\/span>\n\t\t\t\t\t\t\t\t\t<span class=\"elementor-button-text\">WHITE wine<\/span>\n\t\t\t\t\t<\/span>\n\t\t\t\t\t<\/a>\n\t\t\t\t<\/div>\n\t\t\t\t\t\t\t\t<\/div>\n\t\t\t\t<\/div>\n\t\t\t\t<div class=\"elementor-element elementor-element-3de6bd8 elementor-align-left elementor-widget__width-auto elementor-widget elementor-widget-button\" data-id=\"3de6bd8\" data-element_type=\"widget\" data-widget_type=\"button.default\">\n\t\t\t\t<div class=\"elementor-widget-container\">\n\t\t\t\t\t\t\t\t\t<div class=\"elementor-button-wrapper\">\n\t\t\t\t\t<a class=\"elementor-button elementor-button-link elementor-size-sm\" href=\"https:\/\/combro.pt\/en\/tipos-de-vinho\/vinho-rose\/\" id=\"ros\u00e9\">\n\t\t\t\t\t\t<span class=\"elementor-button-content-wrapper\">\n\t\t\t\t\t\t<span class=\"elementor-button-icon\">\n\t\t\t\t<svg xmlns=\"http:\/\/www.w3.org\/2000\/svg\" id=\"Layer_2\" data-name=\"Layer 2\" viewbox=\"0 0 40 14.65\"><defs><style>      .cls-1 {        fill: none;        stroke: #fffaf0;        stroke-linecap: round;        stroke-linejoin: round;      }    <\/style><\/defs><g id=\"Layer_3\" data-name=\"Layer 3\"><path id=\"Icon_akar-arrow-down\" data-name=\"Icon akar-arrow-down\" class=\"cls-1\" d=\"M39.5,7.32H.5m31.64,6.82l7.36-6.82L32.14,.5\"><\/path><\/g><\/svg>\t\t\t<\/span>\n\t\t\t\t\t\t\t\t\t<span class=\"elementor-button-text\">Ros\u00e9 Wine<\/span>\n\t\t\t\t\t<\/span>\n\t\t\t\t\t<\/a>\n\t\t\t\t<\/div>\n\t\t\t\t\t\t\t\t<\/div>\n\t\t\t\t<\/div>\n\t\t\t\t<\/div>\n\t\t\t\t<\/div>\n\t\t\t\t\t<\/div>\n\t\t\t\t<\/div>\n\t\t\t\t<\/div>\n\t\t<div class=\"elementor-element elementor-element-b078ce6 e-con-full e-flex e-con e-parent\" data-id=\"b078ce6\" data-element_type=\"container\" data-settings=\"{&quot;background_background&quot;:&quot;classic&quot;,&quot;animation&quot;:&quot;none&quot;,&quot;animation_tablet&quot;:&quot;none&quot;,&quot;jet_parallax_layout_list&quot;:[]}\">\n\t\t<div class=\"elementor-element elementor-element-b7b4ea4 e-con-full e-flex elementor-invisible e-con e-child\" data-id=\"b7b4ea4\" data-element_type=\"container\" data-settings=\"{&quot;animation&quot;:&quot;fadeInUp&quot;,&quot;animation_tablet&quot;:&quot;fadeInUp&quot;,&quot;jet_parallax_layout_list&quot;:[]}\">\n\t\t\t\t<div class=\"elementor-element elementor-element-f22346e elementor-widget elementor-widget-heading\" data-id=\"f22346e\" data-element_type=\"widget\" data-widget_type=\"heading.default\">\n\t\t\t\t<div class=\"elementor-widget-container\">\n\t\t\t\t\t<h2 class=\"elementor-heading-title elementor-size-default\">OLIVE OIL<\/h2>\t\t\t\t<\/div>\n\t\t\t\t<\/div>\n\t\t\t\t<div class=\"elementor-element elementor-element-d028df2 elementor-widget elementor-widget-text-editor\" data-id=\"d028df2\" data-element_type=\"widget\" data-widget_type=\"text-editor.default\">\n\t\t\t\t<div class=\"elementor-widget-container\">\n\t\t\t\t\t\t\t\t\t<p>Our organic extra virgin olive oil is cold extracted from olives harvested from old olive trees in Vilarinho de Cotas. It is of superior quality and has an acidity of less than 0.2%, guaranteeing exceptional purity and quality.<\/p>\t\t\t\t\t\t\t\t<\/div>\n\t\t\t\t<\/div>\n\t\t<div class=\"elementor-element elementor-element-32132c2 e-con-full e-flex e-con e-child\" data-id=\"32132c2\" data-element_type=\"container\" data-settings=\"{&quot;jet_parallax_layout_list&quot;:[]}\">\n\t\t\t\t<div class=\"elementor-element elementor-element-bf5254b elementor-align-left elementor-widget__width-auto elementor-widget elementor-widget-button\" data-id=\"bf5254b\" data-element_type=\"widget\" data-widget_type=\"button.default\">\n\t\t\t\t<div class=\"elementor-widget-container\">\n\t\t\t\t\t\t\t\t\t<div class=\"elementor-button-wrapper\">\n\t\t\t\t\t<a class=\"elementor-button elementor-button-link elementor-size-sm\" href=\"https:\/\/combro.pt\/en\/azeite\/\">\n\t\t\t\t\t\t<span class=\"elementor-button-content-wrapper\">\n\t\t\t\t\t\t<span class=\"elementor-button-icon\">\n\t\t\t\t<svg xmlns=\"http:\/\/www.w3.org\/2000\/svg\" id=\"Layer_2\" data-name=\"Layer 2\" viewbox=\"0 0 40 14.65\"><defs><style>      .cls-1 {        fill: none;        stroke: #fffaf0;        stroke-linecap: round;        stroke-linejoin: round;      }    <\/style><\/defs><g id=\"Layer_3\" data-name=\"Layer 3\"><path id=\"Icon_akar-arrow-down\" data-name=\"Icon akar-arrow-down\" class=\"cls-1\" d=\"M39.5,7.32H.5m31.64,6.82l7.36-6.82L32.14,.5\"><\/path><\/g><\/svg>\t\t\t<\/span>\n\t\t\t\t\t\t\t\t\t<span class=\"elementor-button-text\">FIND OUT MORE ABOUT THE OLIVE OIL<\/span>\n\t\t\t\t\t<\/span>\n\t\t\t\t\t<\/a>\n\t\t\t\t<\/div>\n\t\t\t\t\t\t\t\t<\/div>\n\t\t\t\t<\/div>\n\t\t\t\t<\/div>\n\t\t\t\t<\/div>\n\t\t<div class=\"elementor-element elementor-element-2b6dc60 e-con-full elementor-hidden-mobile elementor-hidden-tablet e-flex e-con e-child\" data-id=\"2b6dc60\" data-element_type=\"container\" data-settings=\"{&quot;jet_parallax_layout_list&quot;:[]}\">\n\t\t\t\t<\/div>\n\t\t\t\t<\/div>\n\t\t<div class=\"elementor-element elementor-element-4da672c e-con-full e-flex e-con e-parent\" data-id=\"4da672c\" data-element_type=\"container\" data-settings=\"{&quot;background_background&quot;:&quot;classic&quot;,&quot;animation&quot;:&quot;none&quot;,&quot;animation_tablet&quot;:&quot;none&quot;,&quot;jet_parallax_layout_list&quot;:[]}\">\n\t\t<a class=\"elementor-element elementor-element-a89cee4 e-con-full e-flex e-con e-child\" data-id=\"a89cee4\" data-element_type=\"container\" data-settings=\"{&quot;background_background&quot;:&quot;classic&quot;,&quot;jet_parallax_layout_list&quot;:[]}\" href=\"https:\/\/combro.pt\/en\/o-douro\/\">\n\t\t\t\t<div class=\"elementor-element elementor-element-dee6f07 elementor-invisible elementor-widget elementor-widget-heading\" data-id=\"dee6f07\" data-element_type=\"widget\" data-settings=\"{&quot;_animation&quot;:&quot;fadeInUp&quot;,&quot;_animation_tablet&quot;:&quot;fadeInUp&quot;}\" data-widget_type=\"heading.default\">\n\t\t\t\t<div class=\"elementor-widget-container\">\n\t\t\t\t\t<h2 class=\"elementor-heading-title elementor-size-default\">DOURO VALLEY<\/h2>\t\t\t\t<\/div>\n\t\t\t\t<\/div>\n\t\t\t\t<\/a>\n\t\t<a class=\"elementor-element elementor-element-0011eae e-con-full e-flex e-con e-child\" data-id=\"0011eae\" data-element_type=\"container\" data-settings=\"{&quot;background_background&quot;:&quot;classic&quot;,&quot;jet_parallax_layout_list&quot;:[]}\" href=\"https:\/\/combro.pt\/en\/a-vinha\/\">\n\t\t\t\t<div class=\"elementor-element elementor-element-0b507df animated-slow elementor-invisible elementor-widget elementor-widget-heading\" data-id=\"0b507df\" data-element_type=\"widget\" data-settings=\"{&quot;_animation&quot;:&quot;fadeInUp&quot;,&quot;_animation_tablet&quot;:&quot;fadeInUp&quot;}\" data-widget_type=\"heading.default\">\n\t\t\t\t<div class=\"elementor-widget-container\">\n\t\t\t\t\t<h2 class=\"elementor-heading-title elementor-size-default\">THE VINEYARD<\/h2>\t\t\t\t<\/div>\n\t\t\t\t<\/div>\n\t\t\t\t<\/a>\n\t\t\t\t<\/div>\n\t\t\t\t<\/div>","protected":false},"excerpt":{"rendered":"<p>BEM-VINDO \u00c0 QUINTA DO COMBRO Desfrute de uma experi\u00eancia \u00fanica no cora\u00e7\u00e3o do Douro, onde o nosso turismo rural, azeite biol\u00f3gico e vinhos de produ\u00e7\u00e3o pr\u00f3pria se unem para lhe oferecer o melhor da regi\u00e3o.\u00a0 Turismo Rural CASAS VILARINHO Na Quinta do Combro, desfrute de uma estadia \u00fanica no cora\u00e7\u00e3o do Douro. A poucos minutos [&hellip;]<\/p>","protected":false},"author":1,"featured_media":13,"parent":0,"menu_order":0,"comment_status":"closed","ping_status":"closed","template":"elementor_header_footer","meta":{"_acf_changed":false,"footnotes":""},"class_list":["post-58","page","type-page","status-publish","has-post-thumbnail","hentry"],"acf":[],"_links":{"self":[{"href":"https:\/\/combro.pt\/en\/wp-json\/wp\/v2\/pages\/58","targetHints":{"allow":["GET"]}}],"collection":[{"href":"https:\/\/combro.pt\/en\/wp-json\/wp\/v2\/pages"}],"about":[{"href":"https:\/\/combro.pt\/en\/wp-json\/wp\/v2\/types\/page"}],"author":[{"embeddable":true,"href":"https:\/\/combro.pt\/en\/wp-json\/wp\/v2\/users\/1"}],"replies":[{"embeddable":true,"href":"https:\/\/combro.pt\/en\/wp-json\/wp\/v2\/comments?post=58"}],"version-history":[{"count":844,"href":"https:\/\/combro.pt\/en\/wp-json\/wp\/v2\/pages\/58\/revisions"}],"predecessor-version":[{"id":3908,"href":"https:\/\/combro.pt\/en\/wp-json\/wp\/v2\/pages\/58\/revisions\/3908"}],"wp:featuredmedia":[{"embeddable":true,"href":"https:\/\/combro.pt\/en\/wp-json\/wp\/v2\/media\/13"}],"wp:attachment":[{"href":"https:\/\/combro.pt\/en\/wp-json\/wp\/v2\/media?parent=58"}],"curies":[{"name":"wp","href":"https:\/\/api.w.org\/{rel}","templated":true}]}}