{"id":595,"date":"2024-11-25T15:25:58","date_gmt":"2024-11-25T15:25:58","guid":{"rendered":"https:\/\/combro.pt\/?page_id=595"},"modified":"2025-04-23T16:19:29","modified_gmt":"2025-04-23T16:19:29","slug":"o-douro","status":"publish","type":"page","link":"https:\/\/combro.pt\/en\/o-douro\/","title":{"rendered":"Douro Valley"},"content":{"rendered":"<div data-elementor-type=\"wp-page\" data-elementor-id=\"595\" class=\"elementor elementor-595\" data-elementor-post-type=\"page\">\n\t\t\t\t<div class=\"elementor-element elementor-element-073423b e-con-full e-flex e-con e-parent\" data-id=\"073423b\" data-element_type=\"container\" data-settings=\"{&quot;background_background&quot;:&quot;classic&quot;,&quot;jet_parallax_layout_list&quot;:[]}\">\n\t\t\t\t<\/div>\n\t\t<div class=\"elementor-element elementor-element-2127d17 e-flex e-con-boxed e-con e-parent\" data-id=\"2127d17\" data-element_type=\"container\" data-settings=\"{&quot;background_background&quot;:&quot;classic&quot;,&quot;animation&quot;:&quot;none&quot;,&quot;jet_parallax_layout_list&quot;:[]}\">\n\t\t\t\t\t<div class=\"e-con-inner\">\n\t\t\t\t<div class=\"elementor-element elementor-element-3475771 elementor-invisible elementor-widget elementor-widget-heading\" data-id=\"3475771\" data-element_type=\"widget\" data-settings=\"{&quot;_animation&quot;:&quot;fadeInUp&quot;}\" data-widget_type=\"heading.default\">\n\t\t\t\t<div class=\"elementor-widget-container\">\n\t\t\t\t\t<h1 class=\"elementor-heading-title elementor-size-default\">DOURO VALLEY<\/h1>\t\t\t\t<\/div>\n\t\t\t\t<\/div>\n\t\t\t\t\t<\/div>\n\t\t\t\t<\/div>\n\t\t<div class=\"elementor-element elementor-element-ad5016c e-flex e-con-boxed e-con e-parent\" data-id=\"ad5016c\" data-element_type=\"container\" data-settings=\"{&quot;background_background&quot;:&quot;classic&quot;,&quot;animation&quot;:&quot;none&quot;,&quot;animation_tablet&quot;:&quot;none&quot;,&quot;jet_parallax_layout_list&quot;:[]}\">\n\t\t\t\t\t<div class=\"e-con-inner\">\n\t\t<div class=\"elementor-element elementor-element-6401c42c e-con-full e-flex elementor-invisible e-con e-child\" data-id=\"6401c42c\" data-element_type=\"container\" data-settings=\"{&quot;animation&quot;:&quot;fadeInUp&quot;,&quot;animation_tablet&quot;:&quot;fadeInUp&quot;,&quot;jet_parallax_layout_list&quot;:[]}\">\n\t\t\t\t<div class=\"elementor-element elementor-element-4705c46c elementor-widget elementor-widget-heading\" data-id=\"4705c46c\" data-element_type=\"widget\" data-widget_type=\"heading.default\">\n\t\t\t\t<div class=\"elementor-widget-container\">\n\t\t\t\t\t<h2 class=\"elementor-heading-title elementor-size-default\">STORY<\/h2>\t\t\t\t<\/div>\n\t\t\t\t<\/div>\n\t\t\t\t<div class=\"elementor-element elementor-element-e5c917c elementor-widget elementor-widget-text-editor\" data-id=\"e5c917c\" data-element_type=\"widget\" data-widget_type=\"text-editor.default\">\n\t\t\t\t<div class=\"elementor-widget-container\">\n\t\t\t\t\t\t\t\t\t<p>The Douro is the oldest demarcated and regulated region in the world, founded by the Marquis of Pombal during the reign of King Jos\u00e9 I in 1756.<\/p><p>Endowed with a Mediterranean climate, cold in winter and very hot in summer, its soil is made up almost entirely of schist. Its vertical cracks allow the roots to descend for many meters, which allows the vines to withstand the summer dryness by drawing on the groundwater reserves accumulated during the winter. It has great biodiversity, which is its great wealth. With a rich flora and varied orography, its vineyards have been planted and tended for hundreds of years, producing a stunning geometric landscape.<\/p>\t\t\t\t\t\t\t\t<\/div>\n\t\t\t\t<\/div>\n\t\t\t\t<div class=\"elementor-element elementor-element-2e8cd4e elementor-widget-divider--view-line elementor-widget elementor-widget-divider\" data-id=\"2e8cd4e\" data-element_type=\"widget\" data-widget_type=\"divider.default\">\n\t\t\t\t<div class=\"elementor-widget-container\">\n\t\t\t\t\t\t\t<div class=\"elementor-divider\">\n\t\t\t<span class=\"elementor-divider-separator\">\n\t\t\t\t\t\t<\/span>\n\t\t<\/div>\n\t\t\t\t\t\t<\/div>\n\t\t\t\t<\/div>\n\t\t\t\t<div class=\"elementor-element elementor-element-d63fdbf elementor-widget elementor-widget-text-editor\" data-id=\"d63fdbf\" data-element_type=\"widget\" data-widget_type=\"text-editor.default\">\n\t\t\t\t<div class=\"elementor-widget-container\">\n\t\t\t\t\t\t\t\t\t<p>Our family has been producing wine in the Douro for over 160 years. For four generations we have been producing Port Wine at A.A.C\u00e1lem&amp;Filho,Lda. Unfortunately, it was sold in 1997.<\/p><p>The family tradition continues with Jos\u00e9 Maria C\u00e1lem in the fifth generation and his son Duarte in the sixth generation.<\/p>\t\t\t\t\t\t\t\t<\/div>\n\t\t\t\t<\/div>\n\t\t\t\t<\/div>\n\t\t<div class=\"elementor-element elementor-element-2a98eae6 e-con-full e-flex elementor-invisible e-con e-child\" data-id=\"2a98eae6\" data-element_type=\"container\" data-settings=\"{&quot;background_background&quot;:&quot;classic&quot;,&quot;animation&quot;:&quot;fadeInUp&quot;,&quot;animation_delay&quot;:500,&quot;jet_parallax_layout_list&quot;:[]}\">\n\t\t\t\t<\/div>\n\t\t\t\t\t<\/div>\n\t\t\t\t<\/div>\n\t\t<div class=\"elementor-element elementor-element-dd03def e-flex e-con-boxed e-con e-parent\" data-id=\"dd03def\" data-element_type=\"container\" data-settings=\"{&quot;jet_parallax_layout_list&quot;:[]}\">\n\t\t\t\t\t<div class=\"e-con-inner\">\n\t\t\t\t<div class=\"elementor-element elementor-element-05e562d animated-fast elementor-invisible elementor-widget elementor-widget-heading\" data-id=\"05e562d\" data-element_type=\"widget\" data-settings=\"{&quot;_animation&quot;:&quot;fadeInUp&quot;}\" data-widget_type=\"heading.default\">\n\t\t\t\t<div class=\"elementor-widget-container\">\n\t\t\t\t\t<h2 class=\"elementor-heading-title elementor-size-default\">WHERE WE ARE<\/h2>\t\t\t\t<\/div>\n\t\t\t\t<\/div>\n\t\t\t\t\t<\/div>\n\t\t\t\t<\/div>\n\t\t<div class=\"elementor-element elementor-element-4b9dad5 e-flex e-con-boxed e-con e-parent\" data-id=\"4b9dad5\" data-element_type=\"container\" data-settings=\"{&quot;background_background&quot;:&quot;classic&quot;,&quot;animation&quot;:&quot;none&quot;,&quot;animation_tablet&quot;:&quot;none&quot;,&quot;jet_parallax_layout_list&quot;:[]}\">\n\t\t\t\t\t<div class=\"e-con-inner\">\n\t\t<div class=\"elementor-element elementor-element-acb193e e-con-full e-flex elementor-invisible e-con e-child\" data-id=\"acb193e\" data-element_type=\"container\" data-settings=\"{&quot;background_background&quot;:&quot;classic&quot;,&quot;animation&quot;:&quot;fadeInUp&quot;,&quot;animation_delay&quot;:500,&quot;jet_parallax_layout_list&quot;:[]}\">\n\t\t\t\t<\/div>\n\t\t<div class=\"elementor-element elementor-element-4cc1e6b e-con-full e-flex elementor-invisible e-con e-child\" data-id=\"4cc1e6b\" data-element_type=\"container\" data-settings=\"{&quot;animation&quot;:&quot;fadeInUp&quot;,&quot;animation_tablet&quot;:&quot;fadeInUp&quot;,&quot;jet_parallax_layout_list&quot;:[]}\">\n\t\t\t\t<div class=\"elementor-element elementor-element-b41ab4b elementor-widget__width-initial elementor-widget elementor-widget-text-editor\" data-id=\"b41ab4b\" data-element_type=\"widget\" data-widget_type=\"text-editor.default\">\n\t\t\t\t<div class=\"elementor-widget-container\">\n\t\t\t\t\t\t\t\t\t<p>The company's vineyards, winery and main house are located in Vilarinho de Cotas, in the municipality of Alij\u00f3.<\/p>\t\t\t\t\t\t\t\t<\/div>\n\t\t\t\t<\/div>\n\t\t\t\t<div class=\"elementor-element elementor-element-745422b elementor-widget elementor-widget-text-editor\" data-id=\"745422b\" data-element_type=\"widget\" data-widget_type=\"text-editor.default\">\n\t\t\t\t<div class=\"elementor-widget-container\">\n\t\t\t\t\t\t\t\t\t<p>It is five kilometres from Pinh\u00e3o, considered the heart of the Douro, where it all began. Characterised mainly by small plots, the result of the division of the property over many generations, it is dominated by old vines.<\/p><p>Characterised mainly by small plots, the result of the division of the property over many generations, it is dominated by old vines.<\/p><p>Whereas in a glass of Port wine is a blend (the blend) of the old plant are dozens of varieties (in the Douro, there are 180 different inks, and the 120-white, all mixed together. Thus, making it easier to work in the evidence room, and contributing to the diversity that is the hallmark of the River.<\/p><p>All the grape-growing is done by hand because the narrow frame (2 m by 2.50 m) does not allow for mechanization.<\/p>\t\t\t\t\t\t\t\t<\/div>\n\t\t\t\t<\/div>\n\t\t\t\t<\/div>\n\t\t\t\t\t<\/div>\n\t\t\t\t<\/div>\n\t\t\t\t<\/div>","protected":false},"excerpt":{"rendered":"<p>O DOURO HIST\u00d3RIA O Douro \u00e9 a mais antiga regi\u00e3o demarcada e regulamentada, estabelecida por Marqu\u00eas do Pombal no reinado de D. Jos\u00e9 I, em 1756. Dotado de um clima mediterr\u00e2nico, frio no inverno e muito quente no ver\u00e3o, o seu solo \u00e9 constitu\u00eddo quase integralmente por xisto. As suas fendas verticais permitem que as [&hellip;]<\/p>","protected":false},"author":1,"featured_media":0,"parent":0,"menu_order":0,"comment_status":"closed","ping_status":"closed","template":"elementor_header_footer","meta":{"_acf_changed":false,"footnotes":""},"class_list":["post-595","page","type-page","status-publish","hentry"],"acf":[],"_links":{"self":[{"href":"https:\/\/combro.pt\/en\/wp-json\/wp\/v2\/pages\/595","targetHints":{"allow":["GET"]}}],"collection":[{"href":"https:\/\/combro.pt\/en\/wp-json\/wp\/v2\/pages"}],"about":[{"href":"https:\/\/combro.pt\/en\/wp-json\/wp\/v2\/types\/page"}],"author":[{"embeddable":true,"href":"https:\/\/combro.pt\/en\/wp-json\/wp\/v2\/users\/1"}],"replies":[{"embeddable":true,"href":"https:\/\/combro.pt\/en\/wp-json\/wp\/v2\/comments?post=595"}],"version-history":[{"count":307,"href":"https:\/\/combro.pt\/en\/wp-json\/wp\/v2\/pages\/595\/revisions"}],"predecessor-version":[{"id":3793,"href":"https:\/\/combro.pt\/en\/wp-json\/wp\/v2\/pages\/595\/revisions\/3793"}],"wp:attachment":[{"href":"https:\/\/combro.pt\/en\/wp-json\/wp\/v2\/media?parent=595"}],"curies":[{"name":"wp","href":"https:\/\/api.w.org\/{rel}","templated":true}]}}