{"id":906,"date":"2024-11-26T15:55:15","date_gmt":"2024-11-26T15:55:15","guid":{"rendered":"https:\/\/combro.pt\/?page_id=906"},"modified":"2025-10-15T18:42:59","modified_gmt":"2025-10-15T18:42:59","slug":"contactos","status":"publish","type":"page","link":"https:\/\/combro.pt\/en\/contactos\/","title":{"rendered":"Contact"},"content":{"rendered":"<div data-elementor-type=\"wp-page\" data-elementor-id=\"906\" class=\"elementor elementor-906\" data-elementor-post-type=\"page\">\n\t\t\t\t<div class=\"elementor-element elementor-element-9dc6814 e-flex e-con-boxed elementor-invisible e-con e-child\" data-id=\"9dc6814\" data-element_type=\"container\" data-settings=\"{&quot;animation&quot;:&quot;fadeInUp&quot;,&quot;animation_tablet&quot;:&quot;fadeInUp&quot;,&quot;jet_parallax_layout_list&quot;:[]}\">\n\t\t\t\t\t<div class=\"e-con-inner\">\n\t\t\t\t<div class=\"elementor-element elementor-element-f4d60fc elementor-widget elementor-widget-heading\" data-id=\"f4d60fc\" data-element_type=\"widget\" data-widget_type=\"heading.default\">\n\t\t\t\t<div class=\"elementor-widget-container\">\n\t\t\t\t\t<h5 class=\"elementor-heading-title elementor-size-default\">CONTACT<\/h5>\t\t\t\t<\/div>\n\t\t\t\t<\/div>\n\t\t\t\t<div class=\"elementor-element elementor-element-e9f8430 elementor-widget elementor-widget-heading\" data-id=\"e9f8430\" data-element_type=\"widget\" data-widget_type=\"heading.default\">\n\t\t\t\t<div class=\"elementor-widget-container\">\n\t\t\t\t\t<h1 class=\"elementor-heading-title elementor-size-default\">contact us<\/h1>\t\t\t\t<\/div>\n\t\t\t\t<\/div>\n\t\t\t\t\t<\/div>\n\t\t\t\t<\/div>\n\t\t<div class=\"elementor-element elementor-element-bd053d3 elementor-hidden-tablet elementor-hidden-mobile e-flex e-con-boxed elementor-invisible e-con e-parent\" data-id=\"bd053d3\" data-element_type=\"container\" data-settings=\"{&quot;animation&quot;:&quot;fadeInUp&quot;,&quot;jet_parallax_layout_list&quot;:[]}\">\n\t\t\t\t\t<div class=\"e-con-inner\">\n\t\t\t\t<div class=\"elementor-element elementor-element-e8cad28 elementor-widget elementor-widget-text-editor\" data-id=\"e8cad28\" data-element_type=\"widget\" data-widget_type=\"text-editor.default\">\n\t\t\t\t<div class=\"elementor-widget-container\">\n\t\t\t\t\t\t\t\t\t<p><span style=\"color: #b1936d;\">OFFICE<\/span><br \/>RUA da reboleira, 7<br \/>4050-492 PORTO<\/p>\t\t\t\t\t\t\t\t<\/div>\n\t\t\t\t<\/div>\n\t\t\t\t<div class=\"elementor-element elementor-element-56789f8 elementor-widget elementor-widget-text-editor\" data-id=\"56789f8\" data-element_type=\"widget\" data-widget_type=\"text-editor.default\">\n\t\t\t\t<div class=\"elementor-widget-container\">\n\t\t\t\t\t\t\t\t\t<p><span style=\"color: #b1936d;\">wine cellar<\/span><br \/>travessa de sto. ant\u00f3nio, 59<br \/>5085-120 vilarinho de Cotas, alij\u00f3<\/p><p>Alt: 440m, lat: 41\u00ba12\u201952\u201dN, long: 7\u00ba31\u201941\u201dW<\/p>\t\t\t\t\t\t\t\t<\/div>\n\t\t\t\t<\/div>\n\t\t\t\t<div class=\"elementor-element elementor-element-113e5b9 elementor-widget-laptop__width-initial elementor-widget elementor-widget-text-editor\" data-id=\"113e5b9\" data-element_type=\"widget\" data-widget_type=\"text-editor.default\">\n\t\t\t\t<div class=\"elementor-widget-container\">\n\t\t\t\t\t\t\t\t\t<p><span style=\"color: #b1936d;\">phones<br \/><\/span>Marco Dantas<br \/><a href=\"tel:+35926468775\">+351 926 468 775<\/a><\/p><p>Manuela Areias<br \/><a href=\"tel:+351963768849\">+351 963 768 849<\/a><\/p>\t\t\t\t\t\t\t\t<\/div>\n\t\t\t\t<\/div>\n\t\t\t\t<div class=\"elementor-element elementor-element-8f84a44 elementor-widget elementor-widget-text-editor\" data-id=\"8f84a44\" data-element_type=\"widget\" data-widget_type=\"text-editor.default\">\n\t\t\t\t<div class=\"elementor-widget-container\">\n\t\t\t\t\t\t\t\t\t<p><span style=\"color: #b1936d;\">e-mail<\/span><br \/><a href=\"mailto:info@combro.pt\">info@combro.pt<\/a><\/p><p><span style=\"color: #b1936d;\">instagram<\/span><br \/><a href=\"https:\/\/www.instagram.com\/quintadocombro\/\" target=\"_blank\" rel=\"noopener noreferrer\">quintadocombro<\/a><\/p>\t\t\t\t\t\t\t\t<\/div>\n\t\t\t\t<\/div>\n\t\t\t\t\t<\/div>\n\t\t\t\t<\/div>\n\t\t<div class=\"elementor-element elementor-element-ed066cd e-con-full elementor-hidden-desktop elementor-hidden-widescreen elementor-hidden-laptop elementor-hidden-mobile e-flex e-con e-parent\" data-id=\"ed066cd\" data-element_type=\"container\" data-settings=\"{&quot;animation_mobile&quot;:&quot;fadeInUp&quot;,&quot;jet_parallax_layout_list&quot;:[]}\">\n\t\t<div class=\"elementor-element elementor-element-1718cdf e-con-full e-flex e-con e-child\" data-id=\"1718cdf\" data-element_type=\"container\" data-settings=\"{&quot;jet_parallax_layout_list&quot;:[]}\">\n\t\t\t\t<div class=\"elementor-element elementor-element-cbd4286 elementor-widget elementor-widget-text-editor\" data-id=\"cbd4286\" data-element_type=\"widget\" data-widget_type=\"text-editor.default\">\n\t\t\t\t<div class=\"elementor-widget-container\">\n\t\t\t\t\t\t\t\t\t<p><span style=\"color: #b1936d;\">OFFICE<\/span><br \/>RUA da reboleira, 7<br \/>4050-492 PORTO<\/p>\t\t\t\t\t\t\t\t<\/div>\n\t\t\t\t<\/div>\n\t\t\t\t<div class=\"elementor-element elementor-element-70e1b95 elementor-widget elementor-widget-text-editor\" data-id=\"70e1b95\" data-element_type=\"widget\" data-widget_type=\"text-editor.default\">\n\t\t\t\t<div class=\"elementor-widget-container\">\n\t\t\t\t\t\t\t\t\t<p><span style=\"color: #b1936d;\">phones<\/span><br \/><a href=\"tel:+351926468775\">+351 968 468 775<\/a>\u00a0Framework for<br \/><a href=\"tel:+351963768849\">+351 963 768 849<\/a>\u00a0\u2013 manuela areias<br \/><span style=\"font-size: 0.7em; line-height: .66;\">(the call TO THE MOBILE phone NETWORK, the NATIONAL<br \/><\/span><\/p>\t\t\t\t\t\t\t\t<\/div>\n\t\t\t\t<\/div>\n\t\t\t\t<\/div>\n\t\t<div class=\"elementor-element elementor-element-a876a0e e-con-full e-flex e-con e-child\" data-id=\"a876a0e\" data-element_type=\"container\" data-settings=\"{&quot;jet_parallax_layout_list&quot;:[]}\">\n\t\t\t\t<div class=\"elementor-element elementor-element-546d6e6 elementor-widget elementor-widget-text-editor\" data-id=\"546d6e6\" data-element_type=\"widget\" data-widget_type=\"text-editor.default\">\n\t\t\t\t<div class=\"elementor-widget-container\">\n\t\t\t\t\t\t\t\t\t<p><span style=\"color: #b1936d;\">wine cellar<\/span><br \/>travessa de sto. ant\u00f3nio, 59<br \/>5085-120 vilarinho de Cotas, alij\u00f3<\/p>\t\t\t\t\t\t\t\t<\/div>\n\t\t\t\t<\/div>\n\t\t\t\t<div class=\"elementor-element elementor-element-4a2ed50 elementor-widget elementor-widget-text-editor\" data-id=\"4a2ed50\" data-element_type=\"widget\" data-widget_type=\"text-editor.default\">\n\t\t\t\t<div class=\"elementor-widget-container\">\n\t\t\t\t\t\t\t\t\t<p><span style=\"color: #b1936d;\">e-mail<\/span><br \/><a href=\"mailto:info@combro.pt\">info@combro.pt<\/a><\/p><p><span style=\"color: #b1936d;\">instagram<\/span><br \/><a href=\"https:\/\/www.instagram.com\/combro.jmcalem\/\" target=\"_blank\" rel=\"noopener\">combro.jmcalem<\/a><\/p>\t\t\t\t\t\t\t\t<\/div>\n\t\t\t\t<\/div>\n\t\t\t\t<\/div>\n\t\t\t\t<\/div>\n\t\t<div class=\"elementor-element elementor-element-7a62b0b e-con-full elementor-hidden-desktop elementor-hidden-widescreen elementor-hidden-laptop elementor-hidden-tablet e-flex e-con e-parent\" data-id=\"7a62b0b\" data-element_type=\"container\" data-settings=\"{&quot;animation_mobile&quot;:&quot;fadeInUp&quot;,&quot;jet_parallax_layout_list&quot;:[]}\">\n\t\t<div class=\"elementor-element elementor-element-ee848c8 e-con-full e-flex e-con e-child\" data-id=\"ee848c8\" data-element_type=\"container\" data-settings=\"{&quot;jet_parallax_layout_list&quot;:[]}\">\n\t\t\t\t<div class=\"elementor-element elementor-element-636d667 elementor-widget elementor-widget-text-editor\" data-id=\"636d667\" data-element_type=\"widget\" data-widget_type=\"text-editor.default\">\n\t\t\t\t<div class=\"elementor-widget-container\">\n\t\t\t\t\t\t\t\t\t<p><span style=\"color: #b1936d;\">OFFICE<\/span><br \/>RUA da reboleira, 7<br \/>4050-492 PORTO<\/p>\t\t\t\t\t\t\t\t<\/div>\n\t\t\t\t<\/div>\n\t\t\t\t<\/div>\n\t\t<div class=\"elementor-element elementor-element-4a36072 e-con-full e-flex e-con e-child\" data-id=\"4a36072\" data-element_type=\"container\" data-settings=\"{&quot;jet_parallax_layout_list&quot;:[]}\">\n\t\t\t\t<div class=\"elementor-element elementor-element-8d8db99 elementor-widget elementor-widget-text-editor\" data-id=\"8d8db99\" data-element_type=\"widget\" data-widget_type=\"text-editor.default\">\n\t\t\t\t<div class=\"elementor-widget-container\">\n\t\t\t\t\t\t\t\t\t<p><span style=\"color: #b1936d;\">wine cellar<\/span><br>travessa de sto. ant\u00f3nio, 59<br>5085-120 vilarinho de Cotas, alij\u00f3<\/p>\t\t\t\t\t\t\t\t<\/div>\n\t\t\t\t<\/div>\n\t\t\t\t<\/div>\n\t\t<div class=\"elementor-element elementor-element-0933908 e-con-full e-flex e-con e-child\" data-id=\"0933908\" data-element_type=\"container\" data-settings=\"{&quot;jet_parallax_layout_list&quot;:[]}\">\n\t\t\t\t<div class=\"elementor-element elementor-element-5a7d975 elementor-widget elementor-widget-text-editor\" data-id=\"5a7d975\" data-element_type=\"widget\" data-widget_type=\"text-editor.default\">\n\t\t\t\t<div class=\"elementor-widget-container\">\n\t\t\t\t\t\t\t\t\t<p><span style=\"color: #b1936d;\">phones<\/span><br \/><a href=\"tel:+351926468775\">+351 968 468 775<\/a>\u00a0framework for<br \/><a href=\"tel:+351963768849\">+351 963 768 849<\/a>\u00a0\u2013 manuela areias<br \/><span style=\"font-size: 0.7em; line-height: .66;\">(the call TO THE MOBILE phone NETWORK, the NATIONAL<br \/><\/span><\/p>\t\t\t\t\t\t\t\t<\/div>\n\t\t\t\t<\/div>\n\t\t\t\t<\/div>\n\t\t<div class=\"elementor-element elementor-element-9c552a5 e-con-full e-flex e-con e-child\" data-id=\"9c552a5\" data-element_type=\"container\" data-settings=\"{&quot;jet_parallax_layout_list&quot;:[]}\">\n\t\t\t\t<div class=\"elementor-element elementor-element-92093f4 elementor-widget elementor-widget-text-editor\" data-id=\"92093f4\" data-element_type=\"widget\" data-widget_type=\"text-editor.default\">\n\t\t\t\t<div class=\"elementor-widget-container\">\n\t\t\t\t\t\t\t\t\t<p><span style=\"color: #b1936d;\">e-mail<\/span><br \/><a href=\"mailto:info@combro.pt\">info@combro.pt<\/a><\/p><p><span style=\"color: #b1936d;\">instagram<\/span><br \/><a href=\"https:\/\/www.instagram.com\/combro.jmcalem\/\" target=\"_blank\" rel=\"noopener\">combro.jmcalem<\/a><\/p>\t\t\t\t\t\t\t\t<\/div>\n\t\t\t\t<\/div>\n\t\t\t\t<\/div>\n\t\t\t\t<\/div>\n\t\t<div class=\"elementor-element elementor-element-07a18f5 e-flex e-con-boxed elementor-invisible e-con e-parent\" data-id=\"07a18f5\" data-element_type=\"container\" data-settings=\"{&quot;animation&quot;:&quot;fadeInUp&quot;,&quot;jet_parallax_layout_list&quot;:[]}\">\n\t\t\t\t\t<div class=\"e-con-inner\">\n\t\t\t\t<div class=\"elementor-element elementor-element-3b8ac01 elementor-widget elementor-widget-heading\" data-id=\"3b8ac01\" data-element_type=\"widget\" data-settings=\"{&quot;_animation&quot;:&quot;none&quot;,&quot;_animation_tablet&quot;:&quot;fadeInUp&quot;}\" data-widget_type=\"heading.default\">\n\t\t\t\t<div class=\"elementor-widget-container\">\n\t\t\t\t\t<h2 class=\"elementor-heading-title elementor-size-default\">your message<\/h2>\t\t\t\t<\/div>\n\t\t\t\t<\/div>\n\t\t\t\t<div class=\"elementor-element elementor-element-d2a4550 elementor-button-align-start elementor-widget elementor-widget-form\" data-id=\"d2a4550\" data-element_type=\"widget\" data-settings=\"{&quot;step_next_label&quot;:&quot;Next&quot;,&quot;step_previous_label&quot;:&quot;Previous&quot;,&quot;button_width&quot;:&quot;100&quot;,&quot;step_type&quot;:&quot;number_text&quot;,&quot;step_icon_shape&quot;:&quot;circle&quot;}\" data-widget_type=\"form.default\">\n\t\t\t\t<div class=\"elementor-widget-container\">\n\t\t\t\t\t\t\t<form class=\"elementor-form\" method=\"post\" name=\"Formul\u00e1rio de contacto\" action=\"\">\n\t\t\t<input type=\"hidden\" name=\"post_id\" value=\"906\"\/>\n\t\t\t<input type=\"hidden\" name=\"form_id\" value=\"d2a4550\"\/>\n\t\t\t<input type=\"hidden\" name=\"referer_title\" value=\"Contactos\" \/>\n\n\t\t\t\t\t\t\t<input type=\"hidden\" name=\"queried_id\" value=\"906\"\/>\n\t\t\t\n\t\t\t<div class=\"elementor-form-fields-wrapper elementor-labels-\">\n\t\t\t\t\t\t\t\t<div class=\"elementor-field-type-text elementor-field-group elementor-column elementor-field-group-name elementor-col-50 elementor-field-required\">\n\t\t\t\t\t\t\t\t\t\t\t\t<label for=\"form-field-name\" class=\"elementor-field-label elementor-screen-only\">\n\t\t\t\t\t\t\t\tName\t\t\t\t\t\t\t<\/label>\n\t\t\t\t\t\t\t\t\t\t\t\t\t\t<input size=\"1\" type=\"text\" name=\"form_fields[name]\" id=\"form-field-name\" class=\"elementor-field elementor-size-md  elementor-field-textual\" placeholder=\"YOUR NAME\" required=\"required\">\n\t\t\t\t\t\t\t\t\t\t\t<\/div>\n\t\t\t\t\t\t\t\t<div class=\"elementor-field-type-email elementor-field-group elementor-column elementor-field-group-email elementor-col-50 elementor-field-required\">\n\t\t\t\t\t\t\t\t\t\t\t\t<label for=\"form-field-email\" class=\"elementor-field-label elementor-screen-only\">\n\t\t\t\t\t\t\t\tE-mail\t\t\t\t\t\t\t<\/label>\n\t\t\t\t\t\t\t\t\t\t\t\t\t\t<input size=\"1\" type=\"email\" name=\"form_fields[email]\" id=\"form-field-email\" class=\"elementor-field elementor-size-md  elementor-field-textual\" placeholder=\"YOUR E-MAIL ADDRESS\" required=\"required\">\n\t\t\t\t\t\t\t\t\t\t\t<\/div>\n\t\t\t\t\t\t\t\t<div class=\"elementor-field-type-textarea elementor-field-group elementor-column elementor-field-group-message elementor-col-100\">\n\t\t\t\t\t\t\t\t\t\t\t\t<label for=\"form-field-message\" class=\"elementor-field-label elementor-screen-only\">\n\t\t\t\t\t\t\t\tMessage\t\t\t\t\t\t\t<\/label>\n\t\t\t\t\t\t<textarea class=\"elementor-field-textual elementor-field  elementor-size-md\" name=\"form_fields[message]\" id=\"form-field-message\" rows=\"4\" placeholder=\"YOUR MESSAGE\"><\/textarea>\t\t\t\t<\/div>\n\t\t\t\t\t\t\t\t<div class=\"elementor-field-type-text\">\n\t\t\t\t\t<input size=\"1\" type=\"text\" name=\"form_fields[field_a72be66]\" id=\"form-field-field_a72be66\" class=\"elementor-field elementor-size-md\" style=\"display:none !important;\">\t\t\t\t<\/div>\n\t\t\t\t\t\t\t\t<div class=\"elementor-field-group elementor-column elementor-field-type-submit elementor-col-100 e-form__buttons\">\n\t\t\t\t\t<button class=\"elementor-button elementor-size-sm\" type=\"submit\">\n\t\t\t\t\t\t<span class=\"elementor-button-content-wrapper\">\n\t\t\t\t\t\t\t\t\t\t\t\t\t\t\t<span class=\"elementor-button-icon\">\n\t\t\t\t\t\t\t\t\t<svg xmlns=\"http:\/\/www.w3.org\/2000\/svg\" id=\"Layer_2\" data-name=\"Layer 2\" viewbox=\"0 0 40 14.65\"><defs><style>      .cls-1 {        fill: none;        stroke: #163644;        stroke-linecap: round;        stroke-linejoin: round;      }    <\/style><\/defs><g id=\"Layer_3\" data-name=\"Layer 3\"><path id=\"Icon_akar-arrow-down\" data-name=\"Icon akar-arrow-down\" class=\"cls-1\" d=\"M39.5,7.32H.5m31.64,6.82l7.36-6.82L32.14,.5\"><\/path><\/g><\/svg>\t\t\t\t\t\t\t\t\t\t\t\t\t\t\t\t\t<\/span>\n\t\t\t\t\t\t\t\t\t\t\t\t\t\t\t\t\t\t\t\t\t\t<span class=\"elementor-button-text\">SUBMIT<\/span>\n\t\t\t\t\t\t\t\t\t\t\t\t\t<\/span>\n\t\t\t\t\t<\/button>\n\t\t\t\t<\/div>\n\t\t\t<\/div>\n\t\t<input type=\"hidden\" name=\"trp-form-language\" value=\"en\"\/><\/form>\n\t\t\t\t\t\t<\/div>\n\t\t\t\t<\/div>\n\t\t\t\t\t<\/div>\n\t\t\t\t<\/div>\n\t\t\t\t<\/div>","protected":false},"excerpt":{"rendered":"<p>CONTACTOS entre em contacto ESCRIT\u00d3RIORUA da reboleira, 74050-492 PORTO adegatravessa de sto. ant\u00f3nio, 595085-120 vilarinho de Cotas, alij\u00f3 Alt: 440m, lat: 41\u00ba12\u201952\u201dN,\u00a0 long: 7\u00ba31\u201941\u201dW telefonesMarco Dantas+351 926 468 775 Manuela Areias+351 963 768 849 emailinfo@combro.pt instagramquintadocombro ESCRIT\u00d3RIORUA da reboleira, 74050-492 PORTO telefones+351 968 468 775\u00a0&#8211; Marco dantas+351 963 768 849\u00a0&#8211; manuela areias(chamada PARA A REDE [&hellip;]<\/p>","protected":false},"author":1,"featured_media":0,"parent":0,"menu_order":0,"comment_status":"closed","ping_status":"closed","template":"elementor_header_footer","meta":{"_acf_changed":false,"footnotes":""},"class_list":["post-906","page","type-page","status-publish","hentry"],"acf":[],"_links":{"self":[{"href":"https:\/\/combro.pt\/en\/wp-json\/wp\/v2\/pages\/906","targetHints":{"allow":["GET"]}}],"collection":[{"href":"https:\/\/combro.pt\/en\/wp-json\/wp\/v2\/pages"}],"about":[{"href":"https:\/\/combro.pt\/en\/wp-json\/wp\/v2\/types\/page"}],"author":[{"embeddable":true,"href":"https:\/\/combro.pt\/en\/wp-json\/wp\/v2\/users\/1"}],"replies":[{"embeddable":true,"href":"https:\/\/combro.pt\/en\/wp-json\/wp\/v2\/comments?post=906"}],"version-history":[{"count":355,"href":"https:\/\/combro.pt\/en\/wp-json\/wp\/v2\/pages\/906\/revisions"}],"predecessor-version":[{"id":3915,"href":"https:\/\/combro.pt\/en\/wp-json\/wp\/v2\/pages\/906\/revisions\/3915"}],"wp:attachment":[{"href":"https:\/\/combro.pt\/en\/wp-json\/wp\/v2\/media?parent=906"}],"curies":[{"name":"wp","href":"https:\/\/api.w.org\/{rel}","templated":true}]}}